{"id":904,"date":"2026-03-04T07:34:43","date_gmt":"2026-03-04T07:34:43","guid":{"rendered":"https:\/\/oloisahealth.fi\/?page_id=904"},"modified":"2026-03-04T09:47:14","modified_gmt":"2026-03-04T09:47:14","slug":"tyohyvinvointi","status":"publish","type":"page","link":"https:\/\/oloisahealth.fi\/en\/tyohyvinvointi\/","title":{"rendered":"Workplace Wellbeing"},"content":{"rendered":"\t\t<div data-elementor-type=\"wp-page\" data-elementor-id=\"904\" class=\"elementor elementor-904\" data-elementor-post-type=\"page\">\n\t\t\t\t\t\t<section class=\"elementor-section elementor-top-section elementor-element elementor-element-8154b0b elementor-section-height-min-height elementor-section-boxed elementor-section-height-default elementor-section-items-middle\" data-id=\"8154b0b\" data-element_type=\"section\" data-e-type=\"section\" data-settings=\"{&quot;background_background&quot;:&quot;classic&quot;,&quot;background_motion_fx_motion_fx_scrolling&quot;:&quot;yes&quot;,&quot;background_motion_fx_translateY_effect&quot;:&quot;yes&quot;,&quot;background_motion_fx_translateY_direction&quot;:&quot;negative&quot;,&quot;background_motion_fx_translateY_speed&quot;:{&quot;unit&quot;:&quot;px&quot;,&quot;size&quot;:&quot;2&quot;,&quot;sizes&quot;:[]},&quot;background_motion_fx_translateY_affectedRange&quot;:{&quot;unit&quot;:&quot;%&quot;,&quot;size&quot;:&quot;&quot;,&quot;sizes&quot;:{&quot;start&quot;:0,&quot;end&quot;:100}},&quot;background_motion_fx_devices&quot;:[&quot;desktop&quot;,&quot;tablet&quot;,&quot;mobile&quot;]}\">\n\t\t\t\t\t\t<div class=\"elementor-container elementor-column-gap-no\">\n\t\t\t\t\t<div class=\"elementor-column elementor-col-100 elementor-top-column elementor-element elementor-element-782d494\" data-id=\"782d494\" data-element_type=\"column\" data-e-type=\"column\" data-settings=\"{&quot;background_background&quot;:&quot;slideshow&quot;,&quot;background_slideshow_gallery&quot;:[],&quot;background_slideshow_loop&quot;:&quot;yes&quot;,&quot;background_slideshow_slide_duration&quot;:5000,&quot;background_slideshow_slide_transition&quot;:&quot;fade&quot;,&quot;background_slideshow_transition_duration&quot;:500}\">\n\t\t\t<div class=\"elementor-widget-wrap\">\n\t\t\t\t\t\t\t<\/div>\n\t\t<\/div>\n\t\t\t\t\t<\/div>\n\t\t<\/section>\n\t\t\t\t<section class=\"elementor-section elementor-top-section elementor-element elementor-element-8e52efb elementor-section-height-min-height elementor-section-items-stretch elementor-section-content-middle elementor-section-boxed elementor-section-height-default\" data-id=\"8e52efb\" data-element_type=\"section\" data-e-type=\"section\" data-settings=\"{&quot;background_background&quot;:&quot;classic&quot;,&quot;motion_fx_motion_fx_scrolling&quot;:&quot;yes&quot;,&quot;motion_fx_translateY_effect&quot;:&quot;yes&quot;,&quot;motion_fx_translateY_speed&quot;:{&quot;unit&quot;:&quot;px&quot;,&quot;size&quot;:&quot;0.5&quot;,&quot;sizes&quot;:[]},&quot;motion_fx_translateY_affectedRange&quot;:{&quot;unit&quot;:&quot;%&quot;,&quot;size&quot;:&quot;&quot;,&quot;sizes&quot;:{&quot;start&quot;:0,&quot;end&quot;:100}},&quot;motion_fx_devices&quot;:[&quot;desktop&quot;,&quot;tablet&quot;,&quot;mobile&quot;]}\">\n\t\t\t\t\t\t<div class=\"elementor-container elementor-column-gap-no\">\n\t\t\t\t\t<div class=\"elementor-column elementor-col-100 elementor-top-column elementor-element elementor-element-36799ef\" data-id=\"36799ef\" data-element_type=\"column\" data-e-type=\"column\" data-settings=\"{&quot;background_background&quot;:&quot;classic&quot;}\">\n\t\t\t<div class=\"elementor-widget-wrap elementor-element-populated\">\n\t\t\t\t\t\t<div class=\"elementor-element elementor-element-c5250c1 elementor-widget elementor-widget-heading\" data-id=\"c5250c1\" data-element_type=\"widget\" data-e-type=\"widget\" data-widget_type=\"heading.default\">\n\t\t\t\t<div class=\"elementor-widget-container\">\n\t\t\t\t\t<h1 class=\"elementor-heading-title elementor-size-small\">Ty\u00f6hyvinvointi<\/h1>\t\t\t\t<\/div>\n\t\t\t\t<\/div>\n\t\t\t\t<div class=\"elementor-element elementor-element-0a26e88 elementor-widget elementor-widget-text-editor\" data-id=\"0a26e88\" data-element_type=\"widget\" data-e-type=\"widget\" data-widget_type=\"text-editor.default\">\n\t\t\t\t<div class=\"elementor-widget-container\">\n\t\t\t\t\t\t\t\t\t<p>Autan ty\u00f6yhteis\u00f6j\u00e4 parantamaan ty\u00f6p\u00e4iv\u00e4n aikaista jaksamista ravinnon, palautumisen ja arjen hyvinvoinnin avulla. Valmennus perustuu kokonaisvaltaiseen n\u00e4kemykseen hyvinvoinnista: ravinnon lis\u00e4ksi huomioimme liikunnan, unen, stressinhallinnan ja yksil\u00f6lliset voimavarat. Tavoitteena on luoda ty\u00f6yhteis\u00f6\u00f6n kest\u00e4vi\u00e4, arkeen sopivia tapoja, jotka tukevat sek\u00e4 ty\u00f6ntekij\u00f6iden hyvinvointia ett\u00e4 organisaation tuloksellisuutta.<\/p>\t\t\t\t\t\t\t\t<\/div>\n\t\t\t\t<\/div>\n\t\t\t\t\t<\/div>\n\t\t<\/div>\n\t\t\t\t\t<\/div>\n\t\t<\/section>\n\t\t\t\t<section class=\"elementor-section elementor-top-section elementor-element elementor-element-509b426 elementor-section-boxed elementor-section-height-default elementor-section-height-default\" data-id=\"509b426\" data-element_type=\"section\" data-e-type=\"section\">\n\t\t\t\t\t\t<div class=\"elementor-container elementor-column-gap-default\">\n\t\t\t\t\t<div class=\"elementor-column elementor-col-100 elementor-top-column elementor-element elementor-element-5a960a8\" data-id=\"5a960a8\" data-element_type=\"column\" data-e-type=\"column\">\n\t\t\t<div class=\"elementor-widget-wrap elementor-element-populated\">\n\t\t\t\t\t\t<div class=\"elementor-element elementor-element-be9d5d6 elementor-widget elementor-widget-heading\" data-id=\"be9d5d6\" data-element_type=\"widget\" data-e-type=\"widget\" data-widget_type=\"heading.default\">\n\t\t\t\t<div class=\"elementor-widget-container\">\n\t\t\t\t\t<h2 class=\"elementor-heading-title elementor-size-default\">Mit\u00e4 hy\u00f6ty\u00e4 ty\u00f6yhteis\u00f6lle?<\/h2>\t\t\t\t<\/div>\n\t\t\t\t<\/div>\n\t\t\t\t<div class=\"elementor-element elementor-element-9cb646e elementor-widget elementor-widget-text-editor\" data-id=\"9cb646e\" data-element_type=\"widget\" data-e-type=\"widget\" data-widget_type=\"text-editor.default\">\n\t\t\t\t<div class=\"elementor-widget-container\">\n\t\t\t\t\t\t\t\t\t<p><strong>Ty\u00f6kyvyn ja ty\u00f6hyvinvoinnin parantuminen<\/strong> \u2013 enemm\u00e4n energiaa, parempi keskittyminen ja tasaisempi vire ty\u00f6p\u00e4iv\u00e4n aikana<\/p><ul><li><strong>Sairauspoissaolojen v\u00e4heneminen<\/strong> \u2013 hyvinvoiva henkil\u00f6st\u00f6 palautuu paremmin ja sairastaa v\u00e4hemm\u00e4n<\/li><li><p><strong>Yleisen ty\u00f6vireen kohentuminen<\/strong> \u2013 positiivinen vaikutus tiimity\u00f6h\u00f6n, motivaatioon ja ty\u00f6ilmapiiriin<\/p><\/li><\/ul>\t\t\t\t\t\t\t\t<\/div>\n\t\t\t\t<\/div>\n\t\t\t\t<div class=\"elementor-element elementor-element-2eda51a elementor-widget elementor-widget-heading\" data-id=\"2eda51a\" data-element_type=\"widget\" data-e-type=\"widget\" data-widget_type=\"heading.default\">\n\t\t\t\t<div class=\"elementor-widget-container\">\n\t\t\t\t\t<h2 class=\"elementor-heading-title elementor-size-default\">Palvelut<\/h2>\t\t\t\t<\/div>\n\t\t\t\t<\/div>\n\t\t\t\t<div class=\"elementor-element elementor-element-fe93521 elementor-widget elementor-widget-text-editor\" data-id=\"fe93521\" data-element_type=\"widget\" data-e-type=\"widget\" data-widget_type=\"text-editor.default\">\n\t\t\t\t<div class=\"elementor-widget-container\">\n\t\t\t\t\t\t\t\t\t<ul><li><strong>Luennot ja valmennukset<\/strong> tiimeille tai koko ty\u00f6yhteis\u00f6lle<br \/>Inspiroivat ja k\u00e4yt\u00e4nn\u00f6nl\u00e4heiset kokonaisuudet ravinnosta, energiatasojen hallinnasta, palautumisesta ja arjen hyvinvointitavoista.<\/li><li><strong>Henkil\u00f6kohtaiset tapaamiset<\/strong><br \/>Yksil\u00f6llinen hyvinvoinnin kartoitus ja henkil\u00f6kohtainen ohjelma, joka tukee ty\u00f6ntekij\u00e4n jaksamista ja tavoitteita kokonaisvaltaisesti.<\/li><\/ul>\t\t\t\t\t\t\t\t<\/div>\n\t\t\t\t<\/div>\n\t\t\t\t\t<\/div>\n\t\t<\/div>\n\t\t\t\t\t<\/div>\n\t\t<\/section>\n\t\t\t\t<\/div>\n\t\t","protected":false},"excerpt":{"rendered":"<p>Ty\u00f6hyvinvointi Autan ty\u00f6yhteis\u00f6j\u00e4 parantamaan ty\u00f6p\u00e4iv\u00e4n aikaista jaksamista ravinnon, palautumisen ja arjen hyvinvoinnin avulla. Valmennus perustuu kokonaisvaltaiseen n\u00e4kemykseen hyvinvoinnista: ravinnon lis\u00e4ksi huomioimme liikunnan, unen, stressinhallinnan ja yksil\u00f6lliset voimavarat. Tavoitteena on luoda ty\u00f6yhteis\u00f6\u00f6n kest\u00e4vi\u00e4, arkeen sopivia tapoja, jotka tukevat sek\u00e4 ty\u00f6ntekij\u00f6iden hyvinvointia ett\u00e4 organisaation tuloksellisuutta. Mit\u00e4 hy\u00f6ty\u00e4 ty\u00f6yhteis\u00f6lle? Ty\u00f6kyvyn ja ty\u00f6hyvinvoinnin parantuminen \u2013 enemm\u00e4n energiaa, parempi keskittyminen [&hellip;]<\/p>\n","protected":false},"author":2,"featured_media":146,"parent":0,"menu_order":0,"comment_status":"closed","ping_status":"closed","template":"elementor_theme","meta":{"footnotes":""},"class_list":["post-904","page","type-page","status-publish","has-post-thumbnail","hentry"],"yoast_head":"<!-- This site is optimized with the Yoast SEO plugin v27.1.1 - https:\/\/yoast.com\/product\/yoast-seo-wordpress\/ -->\n<title>Ty\u00f6hyvinvointi - Oloisa Health<\/title>\n<meta name=\"robots\" content=\"index, follow, max-snippet:-1, max-image-preview:large, max-video-preview:-1\" \/>\n<link rel=\"canonical\" href=\"https:\/\/oloisahealth.fi\/en\/tyohyvinvointi\/\" \/>\n<meta property=\"og:locale\" content=\"en_GB\" \/>\n<meta property=\"og:type\" content=\"article\" \/>\n<meta property=\"og:title\" content=\"Ty\u00f6hyvinvointi - Oloisa Health\" \/>\n<meta property=\"og:description\" content=\"Ty\u00f6hyvinvointi Autan ty\u00f6yhteis\u00f6j\u00e4 parantamaan ty\u00f6p\u00e4iv\u00e4n aikaista jaksamista ravinnon, palautumisen ja arjen hyvinvoinnin avulla. Valmennus perustuu kokonaisvaltaiseen n\u00e4kemykseen hyvinvoinnista: ravinnon lis\u00e4ksi huomioimme liikunnan, unen, stressinhallinnan ja yksil\u00f6lliset voimavarat. Tavoitteena on luoda ty\u00f6yhteis\u00f6\u00f6n kest\u00e4vi\u00e4, arkeen sopivia tapoja, jotka tukevat sek\u00e4 ty\u00f6ntekij\u00f6iden hyvinvointia ett\u00e4 organisaation tuloksellisuutta. Mit\u00e4 hy\u00f6ty\u00e4 ty\u00f6yhteis\u00f6lle? Ty\u00f6kyvyn ja ty\u00f6hyvinvoinnin parantuminen \u2013 enemm\u00e4n energiaa, parempi keskittyminen [&hellip;]\" \/>\n<meta property=\"og:url\" content=\"https:\/\/oloisahealth.fi\/en\/tyohyvinvointi\/\" \/>\n<meta property=\"og:site_name\" content=\"Oloisa Health\" \/>\n<meta property=\"article:modified_time\" content=\"2026-03-04T09:47:14+00:00\" \/>\n<meta property=\"og:image\" content=\"https:\/\/oloisahealth.fi\/wp-content\/uploads\/2020\/11\/featured-image1.jpg\" \/>\n\t<meta property=\"og:image:width\" content=\"690\" \/>\n\t<meta property=\"og:image:height\" content=\"704\" \/>\n\t<meta property=\"og:image:type\" content=\"image\/jpeg\" \/>\n<meta name=\"twitter:card\" content=\"summary_large_image\" \/>\n<meta name=\"twitter:label1\" content=\"Estimated reading time\" \/>\n\t<meta name=\"twitter:data1\" content=\"1 minute\" \/>\n<script type=\"application\/ld+json\" class=\"yoast-schema-graph\">{\"@context\":\"https:\/\/schema.org\",\"@graph\":[{\"@type\":\"WebPage\",\"@id\":\"https:\/\/oloisahealth.fi\/tyohyvinvointi\/\",\"url\":\"https:\/\/oloisahealth.fi\/tyohyvinvointi\/\",\"name\":\"Ty\u00f6hyvinvointi - Oloisa Health\",\"isPartOf\":{\"@id\":\"https:\/\/oloisahealth.fi\/#website\"},\"primaryImageOfPage\":{\"@id\":\"https:\/\/oloisahealth.fi\/tyohyvinvointi\/#primaryimage\"},\"image\":{\"@id\":\"https:\/\/oloisahealth.fi\/tyohyvinvointi\/#primaryimage\"},\"thumbnailUrl\":\"https:\/\/oloisahealth.fi\/wp-content\/uploads\/2020\/11\/featured-image1.jpg\",\"datePublished\":\"2026-03-04T07:34:43+00:00\",\"dateModified\":\"2026-03-04T09:47:14+00:00\",\"breadcrumb\":{\"@id\":\"https:\/\/oloisahealth.fi\/tyohyvinvointi\/#breadcrumb\"},\"inLanguage\":\"en-GB\",\"potentialAction\":[{\"@type\":\"ReadAction\",\"target\":[\"https:\/\/oloisahealth.fi\/tyohyvinvointi\/\"]}]},{\"@type\":\"ImageObject\",\"inLanguage\":\"en-GB\",\"@id\":\"https:\/\/oloisahealth.fi\/tyohyvinvointi\/#primaryimage\",\"url\":\"https:\/\/oloisahealth.fi\/wp-content\/uploads\/2020\/11\/featured-image1.jpg\",\"contentUrl\":\"https:\/\/oloisahealth.fi\/wp-content\/uploads\/2020\/11\/featured-image1.jpg\",\"width\":690,\"height\":704},{\"@type\":\"BreadcrumbList\",\"@id\":\"https:\/\/oloisahealth.fi\/tyohyvinvointi\/#breadcrumb\",\"itemListElement\":[{\"@type\":\"ListItem\",\"position\":1,\"name\":\"Etusivu\",\"item\":\"https:\/\/oloisahealth.fi\/\"},{\"@type\":\"ListItem\",\"position\":2,\"name\":\"Ty\u00f6hyvinvointi\"}]},{\"@type\":\"WebSite\",\"@id\":\"https:\/\/oloisahealth.fi\/#website\",\"url\":\"https:\/\/oloisahealth.fi\/\",\"name\":\"Oloisa Health\",\"description\":\"Ravintovalmennusta\",\"publisher\":{\"@id\":\"https:\/\/oloisahealth.fi\/#organization\"},\"potentialAction\":[{\"@type\":\"SearchAction\",\"target\":{\"@type\":\"EntryPoint\",\"urlTemplate\":\"https:\/\/oloisahealth.fi\/?s={search_term_string}\"},\"query-input\":{\"@type\":\"PropertyValueSpecification\",\"valueRequired\":true,\"valueName\":\"search_term_string\"}}],\"inLanguage\":\"en-GB\"},{\"@type\":\"Organization\",\"@id\":\"https:\/\/oloisahealth.fi\/#organization\",\"name\":\"Oloisa Health\",\"url\":\"https:\/\/oloisahealth.fi\/\",\"logo\":{\"@type\":\"ImageObject\",\"inLanguage\":\"en-GB\",\"@id\":\"https:\/\/oloisahealth.fi\/#\/schema\/logo\/image\/\",\"url\":\"https:\/\/oloisahealth.fi\/wp-content\/uploads\/2022\/08\/oloisa-logo-1.png\",\"contentUrl\":\"https:\/\/oloisahealth.fi\/wp-content\/uploads\/2022\/08\/oloisa-logo-1.png\",\"width\":320,\"height\":75,\"caption\":\"Oloisa Health\"},\"image\":{\"@id\":\"https:\/\/oloisahealth.fi\/#\/schema\/logo\/image\/\"}}]}<\/script>\n<!-- \/ Yoast SEO plugin. -->","yoast_head_json":{"title":"Ty\u00f6hyvinvointi - Oloisa Health","robots":{"index":"index","follow":"follow","max-snippet":"max-snippet:-1","max-image-preview":"max-image-preview:large","max-video-preview":"max-video-preview:-1"},"canonical":"https:\/\/oloisahealth.fi\/en\/tyohyvinvointi\/","og_locale":"en_GB","og_type":"article","og_title":"Ty\u00f6hyvinvointi - Oloisa Health","og_description":"Ty\u00f6hyvinvointi Autan ty\u00f6yhteis\u00f6j\u00e4 parantamaan ty\u00f6p\u00e4iv\u00e4n aikaista jaksamista ravinnon, palautumisen ja arjen hyvinvoinnin avulla. Valmennus perustuu kokonaisvaltaiseen n\u00e4kemykseen hyvinvoinnista: ravinnon lis\u00e4ksi huomioimme liikunnan, unen, stressinhallinnan ja yksil\u00f6lliset voimavarat. Tavoitteena on luoda ty\u00f6yhteis\u00f6\u00f6n kest\u00e4vi\u00e4, arkeen sopivia tapoja, jotka tukevat sek\u00e4 ty\u00f6ntekij\u00f6iden hyvinvointia ett\u00e4 organisaation tuloksellisuutta. Mit\u00e4 hy\u00f6ty\u00e4 ty\u00f6yhteis\u00f6lle? Ty\u00f6kyvyn ja ty\u00f6hyvinvoinnin parantuminen \u2013 enemm\u00e4n energiaa, parempi keskittyminen [&hellip;]","og_url":"https:\/\/oloisahealth.fi\/en\/tyohyvinvointi\/","og_site_name":"Oloisa Health","article_modified_time":"2026-03-04T09:47:14+00:00","og_image":[{"width":690,"height":704,"url":"https:\/\/oloisahealth.fi\/wp-content\/uploads\/2020\/11\/featured-image1.jpg","type":"image\/jpeg"}],"twitter_card":"summary_large_image","twitter_misc":{"Estimated reading time":"1 minute"},"schema":{"@context":"https:\/\/schema.org","@graph":[{"@type":"WebPage","@id":"https:\/\/oloisahealth.fi\/tyohyvinvointi\/","url":"https:\/\/oloisahealth.fi\/tyohyvinvointi\/","name":"Ty\u00f6hyvinvointi - Oloisa Health","isPartOf":{"@id":"https:\/\/oloisahealth.fi\/#website"},"primaryImageOfPage":{"@id":"https:\/\/oloisahealth.fi\/tyohyvinvointi\/#primaryimage"},"image":{"@id":"https:\/\/oloisahealth.fi\/tyohyvinvointi\/#primaryimage"},"thumbnailUrl":"https:\/\/oloisahealth.fi\/wp-content\/uploads\/2020\/11\/featured-image1.jpg","datePublished":"2026-03-04T07:34:43+00:00","dateModified":"2026-03-04T09:47:14+00:00","breadcrumb":{"@id":"https:\/\/oloisahealth.fi\/tyohyvinvointi\/#breadcrumb"},"inLanguage":"en-GB","potentialAction":[{"@type":"ReadAction","target":["https:\/\/oloisahealth.fi\/tyohyvinvointi\/"]}]},{"@type":"ImageObject","inLanguage":"en-GB","@id":"https:\/\/oloisahealth.fi\/tyohyvinvointi\/#primaryimage","url":"https:\/\/oloisahealth.fi\/wp-content\/uploads\/2020\/11\/featured-image1.jpg","contentUrl":"https:\/\/oloisahealth.fi\/wp-content\/uploads\/2020\/11\/featured-image1.jpg","width":690,"height":704},{"@type":"BreadcrumbList","@id":"https:\/\/oloisahealth.fi\/tyohyvinvointi\/#breadcrumb","itemListElement":[{"@type":"ListItem","position":1,"name":"Etusivu","item":"https:\/\/oloisahealth.fi\/"},{"@type":"ListItem","position":2,"name":"Ty\u00f6hyvinvointi"}]},{"@type":"WebSite","@id":"https:\/\/oloisahealth.fi\/#website","url":"https:\/\/oloisahealth.fi\/","name":"Oloisa Health","description":"Ravintovalmennusta","publisher":{"@id":"https:\/\/oloisahealth.fi\/#organization"},"potentialAction":[{"@type":"SearchAction","target":{"@type":"EntryPoint","urlTemplate":"https:\/\/oloisahealth.fi\/?s={search_term_string}"},"query-input":{"@type":"PropertyValueSpecification","valueRequired":true,"valueName":"search_term_string"}}],"inLanguage":"en-GB"},{"@type":"Organization","@id":"https:\/\/oloisahealth.fi\/#organization","name":"Oloisa Health","url":"https:\/\/oloisahealth.fi\/","logo":{"@type":"ImageObject","inLanguage":"en-GB","@id":"https:\/\/oloisahealth.fi\/#\/schema\/logo\/image\/","url":"https:\/\/oloisahealth.fi\/wp-content\/uploads\/2022\/08\/oloisa-logo-1.png","contentUrl":"https:\/\/oloisahealth.fi\/wp-content\/uploads\/2022\/08\/oloisa-logo-1.png","width":320,"height":75,"caption":"Oloisa Health"},"image":{"@id":"https:\/\/oloisahealth.fi\/#\/schema\/logo\/image\/"}}]}},"_links":{"self":[{"href":"https:\/\/oloisahealth.fi\/en\/wp-json\/wp\/v2\/pages\/904","targetHints":{"allow":["GET"]}}],"collection":[{"href":"https:\/\/oloisahealth.fi\/en\/wp-json\/wp\/v2\/pages"}],"about":[{"href":"https:\/\/oloisahealth.fi\/en\/wp-json\/wp\/v2\/types\/page"}],"author":[{"embeddable":true,"href":"https:\/\/oloisahealth.fi\/en\/wp-json\/wp\/v2\/users\/2"}],"replies":[{"embeddable":true,"href":"https:\/\/oloisahealth.fi\/en\/wp-json\/wp\/v2\/comments?post=904"}],"version-history":[{"count":14,"href":"https:\/\/oloisahealth.fi\/en\/wp-json\/wp\/v2\/pages\/904\/revisions"}],"predecessor-version":[{"id":936,"href":"https:\/\/oloisahealth.fi\/en\/wp-json\/wp\/v2\/pages\/904\/revisions\/936"}],"wp:featuredmedia":[{"embeddable":true,"href":"https:\/\/oloisahealth.fi\/en\/wp-json\/wp\/v2\/media\/146"}],"wp:attachment":[{"href":"https:\/\/oloisahealth.fi\/en\/wp-json\/wp\/v2\/media?parent=904"}],"curies":[{"name":"wp","href":"https:\/\/api.w.org\/{rel}","templated":true}]}}