{"id":26,"date":"2022-08-18T07:41:07","date_gmt":"2022-08-18T07:41:07","guid":{"rendered":"https:\/\/ol.wpdev.fi\/?page_id=26"},"modified":"2022-11-06T14:33:57","modified_gmt":"2022-11-06T14:33:57","slug":"flt-ravintovalmennus","status":"publish","type":"page","link":"https:\/\/oloisahealth.fi\/en\/flt-ravintovalmennus\/","title":{"rendered":"Nutritional coaching"},"content":{"rendered":"\t\t<div data-elementor-type=\"wp-page\" data-elementor-id=\"26\" class=\"elementor elementor-26\" data-elementor-post-type=\"page\">\n\t\t\t\t\t\t<section class=\"elementor-section elementor-top-section elementor-element elementor-element-f5872de elementor-section-height-min-height elementor-section-boxed elementor-section-height-default elementor-section-items-middle\" data-id=\"f5872de\" data-element_type=\"section\" data-e-type=\"section\" data-settings=\"{&quot;background_background&quot;:&quot;classic&quot;,&quot;background_motion_fx_motion_fx_scrolling&quot;:&quot;yes&quot;,&quot;background_motion_fx_translateY_effect&quot;:&quot;yes&quot;,&quot;background_motion_fx_translateY_direction&quot;:&quot;negative&quot;,&quot;background_motion_fx_translateY_speed&quot;:{&quot;unit&quot;:&quot;px&quot;,&quot;size&quot;:&quot;2&quot;,&quot;sizes&quot;:[]},&quot;background_motion_fx_translateY_affectedRange&quot;:{&quot;unit&quot;:&quot;%&quot;,&quot;size&quot;:&quot;&quot;,&quot;sizes&quot;:{&quot;start&quot;:0,&quot;end&quot;:100}},&quot;background_motion_fx_devices&quot;:[&quot;desktop&quot;,&quot;tablet&quot;,&quot;mobile&quot;]}\">\n\t\t\t\t\t\t<div class=\"elementor-container elementor-column-gap-no\">\n\t\t\t\t\t<div class=\"elementor-column elementor-col-100 elementor-top-column elementor-element elementor-element-2617247\" data-id=\"2617247\" data-element_type=\"column\" data-e-type=\"column\" data-settings=\"{&quot;background_background&quot;:&quot;slideshow&quot;,&quot;background_slideshow_gallery&quot;:[],&quot;background_slideshow_loop&quot;:&quot;yes&quot;,&quot;background_slideshow_slide_duration&quot;:5000,&quot;background_slideshow_slide_transition&quot;:&quot;fade&quot;,&quot;background_slideshow_transition_duration&quot;:500}\">\n\t\t\t<div class=\"elementor-widget-wrap\">\n\t\t\t\t\t\t\t<\/div>\n\t\t<\/div>\n\t\t\t\t\t<\/div>\n\t\t<\/section>\n\t\t\t\t<section class=\"elementor-section elementor-top-section elementor-element elementor-element-75c078c elementor-section-height-min-height elementor-section-items-stretch elementor-section-content-middle elementor-section-boxed elementor-section-height-default\" data-id=\"75c078c\" data-element_type=\"section\" data-e-type=\"section\" data-settings=\"{&quot;background_background&quot;:&quot;classic&quot;,&quot;motion_fx_motion_fx_scrolling&quot;:&quot;yes&quot;,&quot;motion_fx_translateY_effect&quot;:&quot;yes&quot;,&quot;motion_fx_translateY_speed&quot;:{&quot;unit&quot;:&quot;px&quot;,&quot;size&quot;:&quot;0.5&quot;,&quot;sizes&quot;:[]},&quot;motion_fx_translateY_affectedRange&quot;:{&quot;unit&quot;:&quot;%&quot;,&quot;size&quot;:&quot;&quot;,&quot;sizes&quot;:{&quot;start&quot;:0,&quot;end&quot;:100}},&quot;motion_fx_devices&quot;:[&quot;desktop&quot;,&quot;tablet&quot;,&quot;mobile&quot;]}\">\n\t\t\t\t\t\t<div class=\"elementor-container elementor-column-gap-no\">\n\t\t\t\t\t<div class=\"elementor-column elementor-col-100 elementor-top-column elementor-element elementor-element-7c8bebf\" data-id=\"7c8bebf\" data-element_type=\"column\" data-e-type=\"column\" data-settings=\"{&quot;background_background&quot;:&quot;classic&quot;}\">\n\t\t\t<div class=\"elementor-widget-wrap elementor-element-populated\">\n\t\t\t\t\t\t<div class=\"elementor-element elementor-element-a45a23e elementor-widget elementor-widget-heading\" data-id=\"a45a23e\" data-element_type=\"widget\" data-e-type=\"widget\" data-widget_type=\"heading.default\">\n\t\t\t\t<div class=\"elementor-widget-container\">\n\t\t\t\t\t<h1 class=\"elementor-heading-title elementor-size-small\">Ravintovalmennus<\/h1>\t\t\t\t<\/div>\n\t\t\t\t<\/div>\n\t\t\t\t<div class=\"elementor-element elementor-element-2dbee16 elementor-widget elementor-widget-text-editor\" data-id=\"2dbee16\" data-element_type=\"widget\" data-e-type=\"widget\" data-widget_type=\"text-editor.default\">\n\t\t\t\t<div class=\"elementor-widget-container\">\n\t\t\t\t\t\t\t\t\t<p>FLT-ravintovalmennus ottaa huomioon kaikki el\u00e4m\u00e4n osa-alueet. Tarkoituksena on lis\u00e4t\u00e4 hyvinvointia kokonaisvaltaisesti.&nbsp;<\/p>\n<p>FLT-ravintovalmennus sopii kaikenik\u00e4isille. Asiakkainani on ollut niin vauvoja, lapsia ja nuoria kuin aikuisia ja seniori-ik\u00e4isi\u00e4.&nbsp;<\/p>\t\t\t\t\t\t\t\t<\/div>\n\t\t\t\t<\/div>\n\t\t\t\t\t<\/div>\n\t\t<\/div>\n\t\t\t\t\t<\/div>\n\t\t<\/section>\n\t\t\t\t<section class=\"elementor-section elementor-top-section elementor-element elementor-element-c6ad6b7 elementor-section-height-min-height elementor-section-items-stretch elementor-section-content-middle elementor-section-boxed elementor-section-height-default\" data-id=\"c6ad6b7\" data-element_type=\"section\" data-e-type=\"section\" data-settings=\"{&quot;background_background&quot;:&quot;classic&quot;}\">\n\t\t\t\t\t\t<div class=\"elementor-container elementor-column-gap-no\">\n\t\t\t\t\t<div class=\"elementor-column elementor-col-100 elementor-top-column elementor-element elementor-element-6f32f62\" data-id=\"6f32f62\" data-element_type=\"column\" data-e-type=\"column\" data-settings=\"{&quot;background_background&quot;:&quot;classic&quot;}\">\n\t\t\t<div class=\"elementor-widget-wrap elementor-element-populated\">\n\t\t\t\t\t\t<div class=\"elementor-element elementor-element-eb3318f elementor-testimonial--layout-image_above elementor-testimonial--skin-default elementor-testimonial--align-center elementor-widget elementor-widget-testimonial-carousel\" data-id=\"eb3318f\" data-element_type=\"widget\" data-e-type=\"widget\" data-settings=\"{&quot;speed&quot;:500,&quot;space_between&quot;:{&quot;unit&quot;:&quot;px&quot;,&quot;size&quot;:10,&quot;sizes&quot;:[]},&quot;space_between_tablet&quot;:{&quot;unit&quot;:&quot;px&quot;,&quot;size&quot;:10,&quot;sizes&quot;:[]},&quot;space_between_mobile&quot;:{&quot;unit&quot;:&quot;px&quot;,&quot;size&quot;:10,&quot;sizes&quot;:[]}}\" data-widget_type=\"testimonial-carousel.default\">\n\t\t\t\t<div class=\"elementor-widget-container\">\n\t\t\t\t\t\t\t\t\t<div class=\"elementor-swiper\">\n\t\t\t\t\t<div class=\"elementor-main-swiper swiper\" role=\"region\" aria-roledescription=\"carousel\" aria-label=\"Slides\">\n\t\t\t\t<div class=\"swiper-wrapper\">\n\t\t\t\t\t\t\t\t\t\t\t<div class=\"swiper-slide\" role=\"group\" aria-roledescription=\"slide\">\n\t\t\t\t\t\t\t\t\t<div class=\"elementor-testimonial\">\n\t\t\t\t\t\t\t<div class=\"elementor-testimonial__content\">\n\t\t\t\t\t<div class=\"elementor-testimonial__text\">\n\t\t\t\t\t\tFLT-ravintovalmentajan vastaanotolla kaikki el\u00e4m\u00e4si osa-alueet tulevat huomioiduksi. Tavoitteena on, ett\u00e4 saamme yhdess\u00e4 kaivettua ongelmiesi juurisyyt esiin. \t\t\t\t\t<\/div>\n\t\t\t\t\t<cite class=\"elementor-testimonial__cite\"><span class=\"elementor-testimonial__name\">\u2014 Soile M\u00e4kinen  \u2014<\/span><\/cite>\t\t\t\t<\/div>\n\t\t\t\t\t\t<div class=\"elementor-testimonial__footer\">\n\t\t\t\t\t\t\t\t\t<div class=\"elementor-testimonial__image\">\n\t\t\t\t\t\t<img decoding=\"async\" src=\"https:\/\/oloisahealth.fi\/wp-content\/uploads\/2022\/08\/testimonial-quotation-mark.svg\" alt=\"\u2014 Soile M\u00e4kinen  \u2014\">\n\t\t\t\t\t\t\t\t\t\t\t<\/div>\n\t\t\t\t\t\t\t\t\t\t\t<\/div>\n\t\t<\/div>\n\t\t\t\t\t\t\t\t<\/div>\n\t\t\t\t\t\t\t\t\t<\/div>\n\t\t\t\t\t\t\t<\/div>\n\t\t\t\t<\/div>\n\t\t\t\t\t\t\t\t<\/div>\n\t\t\t\t<\/div>\n\t\t\t\t\t<\/div>\n\t\t<\/div>\n\t\t\t\t\t<\/div>\n\t\t<\/section>\n\t\t\t\t<section class=\"elementor-section elementor-top-section elementor-element elementor-element-8a46edf elementor-section-boxed elementor-section-height-default elementor-section-height-default\" data-id=\"8a46edf\" data-element_type=\"section\" data-e-type=\"section\">\n\t\t\t\t\t\t<div class=\"elementor-container elementor-column-gap-default\">\n\t\t\t\t\t<div class=\"elementor-column elementor-col-100 elementor-top-column elementor-element elementor-element-01a0839\" data-id=\"01a0839\" data-element_type=\"column\" data-e-type=\"column\">\n\t\t\t<div class=\"elementor-widget-wrap elementor-element-populated\">\n\t\t\t\t\t\t<div class=\"elementor-element elementor-element-71702a8 elementor-widget elementor-widget-heading\" data-id=\"71702a8\" data-element_type=\"widget\" data-e-type=\"widget\" data-widget_type=\"heading.default\">\n\t\t\t\t<div class=\"elementor-widget-container\">\n\t\t\t\t\t<h2 class=\"elementor-heading-title elementor-size-default\">Mit\u00e4 on funktionaalinen l\u00e4\u00e4ketiede?<\/h2>\t\t\t\t<\/div>\n\t\t\t\t<\/div>\n\t\t\t\t<div class=\"elementor-element elementor-element-5b66115 elementor-widget elementor-widget-text-editor\" data-id=\"5b66115\" data-element_type=\"widget\" data-e-type=\"widget\" data-widget_type=\"text-editor.default\">\n\t\t\t\t<div class=\"elementor-widget-container\">\n\t\t\t\t\t\t\t\t\t<p>Funktionaalinen l\u00e4\u00e4ketiede perustuu tieteeseen ja vankkaan tutkimustietoon, jossa yhdistyv\u00e4t biokemia, mikrobiologia ja fysiologia. Asiakkaan koko el\u00e4m\u00e4n tarina on t\u00e4rke\u00e4, ja vastaanotolla k\u00e4ymme l\u00e4pi kaikki sen vaiheet aina \u00e4idin raskaudesta lapsuuden ja nuoruuden kautta t\u00e4h\u00e4n p\u00e4iv\u00e4\u00e4n.<\/p><p>Ravintovalmennuksessa kartoitan alla olevan kuvan mukaisesti t\u00e4m\u00e4nhetkisen ravitsemustilan lis\u00e4ksi ruuansulatuksen ja suoliston tilan, maksan sek\u00e4 immuniteetin toiminnan. Lis\u00e4ksi tarkastelen hormonitasapainoa, hapetusstressi\u00e4, energisyytt\u00e4, psyykkist\u00e4 ja henkist\u00e4 tasapainoa. My\u00f6s unella, ihmissuhteilla ja el\u00e4m\u00e4n tarkoituksella on kokonaisuuden kannalta merkityst\u00e4.<\/p>\t\t\t\t\t\t\t\t<\/div>\n\t\t\t\t<\/div>\n\t\t\t\t<div class=\"elementor-element elementor-element-e681283 elementor-widget elementor-widget-image\" data-id=\"e681283\" data-element_type=\"widget\" data-e-type=\"widget\" data-widget_type=\"image.default\">\n\t\t\t\t<div class=\"elementor-widget-container\">\n\t\t\t\t\t\t\t\t\t\t\t\t\t\t\t<img fetchpriority=\"high\" decoding=\"async\" width=\"800\" height=\"788\" src=\"https:\/\/oloisahealth.fi\/wp-content\/uploads\/2022\/09\/funktionaalisen-laaketieteen-matriksi-1024x1009.png\" class=\"attachment-large size-large wp-image-317\" alt=\"Funktionaalisen l\u00e4\u00e4ketieteen matriksi\" srcset=\"https:\/\/oloisahealth.fi\/wp-content\/uploads\/2022\/09\/funktionaalisen-laaketieteen-matriksi-1024x1009.png 1024w, https:\/\/oloisahealth.fi\/wp-content\/uploads\/2022\/09\/funktionaalisen-laaketieteen-matriksi-300x296.png 300w, https:\/\/oloisahealth.fi\/wp-content\/uploads\/2022\/09\/funktionaalisen-laaketieteen-matriksi-768x756.png 768w, https:\/\/oloisahealth.fi\/wp-content\/uploads\/2022\/09\/funktionaalisen-laaketieteen-matriksi-1536x1513.png 1536w, https:\/\/oloisahealth.fi\/wp-content\/uploads\/2022\/09\/funktionaalisen-laaketieteen-matriksi.png 1602w\" sizes=\"(max-width: 800px) 100vw, 800px\" \/>\t\t\t\t\t\t\t\t\t\t\t\t\t\t\t<\/div>\n\t\t\t\t<\/div>\n\t\t\t\t<div class=\"elementor-element elementor-element-6873782 elementor-widget elementor-widget-text-editor\" data-id=\"6873782\" data-element_type=\"widget\" data-e-type=\"widget\" data-widget_type=\"text-editor.default\">\n\t\t\t\t<div class=\"elementor-widget-container\">\n\t\t\t\t\t\t\t\t\t<p>Aiemmista laboratoriokokeista ja tutkimuksista on apua, joten ne kannattaa ottaa mukaan vastaanotolle. Tarvittaessa voin tilata sinulle my\u00f6s funktionaalisen l\u00e4\u00e4ketieteen laboratoriotestej\u00e4 tai suolistoanalyysej\u00e4.<\/p>\n<p>Vastaanottok\u00e4ynnin j\u00e4lkeen l\u00e4het\u00e4n sinulle s\u00e4hk\u00f6postitse yksil\u00f6llisen hoito-ohjelman, joka huomioi sen hetkisen el\u00e4m\u00e4ntilanteesi ja mahdollisuutesi muutosten tekemiseen. Sovimme yhdess\u00e4 tavoitteista ja teemme suunnitelman siit\u00e4 miten ja mill\u00e4 tahdilla kannattaa edet\u00e4, jotta muutokset el\u00e4m\u00e4ntavoissasi olisivat pysyvi\u00e4.<\/p>\n<p>Hoito-ohjelma sis\u00e4lt\u00e4\u00e4 vinkkej\u00e4 ruokavalioon, ravintolisien k\u00e4ytt\u00f6\u00f6n, nukkumiseen, liikkumiseen, palautumiseen ja stressihallintaan.<\/p>\n<p>Yleens\u00e4 on niin, ett\u00e4 mit\u00e4 pidemp\u00e4\u00e4n terveysongelmat ovat jatkuneet, sit\u00e4 pidemp\u00e4\u00e4n tervehtyminen kest\u00e4\u00e4. V\u00e4lill\u00e4 p\u00e4\u00e4st\u00e4\u00e4n j\u00e4ttiharppauksilla eteenp\u00e4in, mutta monesti otetaan my\u00f6s muutama askel taaksep\u00e4in. Onkin hyv\u00e4 varata seurantak\u00e4ynti heti ensimm\u00e4isen kerran yhteydess\u00e4. Seurantak\u00e4ynnill\u00e4 k\u00e4ymme l\u00e4pi, miten muutosten tekeminen on edistynyt ja t\u00e4m\u00e4n perusteella laadin sinulle tarkennetut ohjeet jatkoon.<\/p>\n<p>Funtionaalisesta l\u00e4\u00e4ketieteest\u00e4 voit lukea lis\u00e4\u00e4 <a href=\"https:\/\/www.ifm.org\" target=\"_blank\" rel=\"noopener\">Funktionaalisen l\u00e4\u00e4ketieteen instituutin<\/a> sivuilta ja <a href=\"https:\/\/www.fms.fi\/funktionaalinen-laaketiede\" target=\"_blank\" rel=\"noopener\">Suomen funktionaalisen l\u00e4\u00e4ketieteen yhdistyksen<\/a> sivuilta.<\/p>\t\t\t\t\t\t\t\t<\/div>\n\t\t\t\t<\/div>\n\t\t\t\t\t<\/div>\n\t\t<\/div>\n\t\t\t\t\t<\/div>\n\t\t<\/section>\n\t\t\t\t<\/div>\n\t\t","protected":false},"excerpt":{"rendered":"<p>Ravintovalmennus FLT-ravintovalmennus ottaa huomioon kaikki el\u00e4m\u00e4n osa-alueet. Tarkoituksena on lis\u00e4t\u00e4 hyvinvointia kokonaisvaltaisesti.&nbsp; FLT-ravintovalmennus sopii kaikenik\u00e4isille. Asiakkainani on ollut niin vauvoja, lapsia ja nuoria kuin aikuisia ja seniori-ik\u00e4isi\u00e4.&nbsp; FLT-ravintovalmentajan vastaanotolla kaikki el\u00e4m\u00e4si osa-alueet tulevat huomioiduksi. Tavoitteena on, ett\u00e4 saamme yhdess\u00e4 kaivettua ongelmiesi juurisyyt esiin. \u2014 Soile M\u00e4kinen \u2014 Mit\u00e4 on funktionaalinen l\u00e4\u00e4ketiede? Funktionaalinen l\u00e4\u00e4ketiede perustuu tieteeseen [&hellip;]<\/p>\n","protected":false},"author":1,"featured_media":0,"parent":0,"menu_order":0,"comment_status":"closed","ping_status":"closed","template":"elementor_header_footer","meta":{"footnotes":""},"class_list":["post-26","page","type-page","status-publish","hentry"],"yoast_head":"<!-- This site is optimized with the Yoast SEO plugin v27.1.1 - https:\/\/yoast.com\/product\/yoast-seo-wordpress\/ -->\n<title>Ravintovalmennus - Oloisa Health<\/title>\n<meta name=\"robots\" content=\"index, follow, max-snippet:-1, max-image-preview:large, max-video-preview:-1\" \/>\n<link rel=\"canonical\" href=\"https:\/\/oloisahealth.fi\/en\/flt-ravintovalmennus\/\" \/>\n<meta property=\"og:locale\" content=\"en_GB\" \/>\n<meta property=\"og:type\" content=\"article\" \/>\n<meta property=\"og:title\" content=\"Ravintovalmennus - Oloisa Health\" \/>\n<meta property=\"og:description\" content=\"Ravintovalmennus FLT-ravintovalmennus ottaa huomioon kaikki el\u00e4m\u00e4n osa-alueet. Tarkoituksena on lis\u00e4t\u00e4 hyvinvointia kokonaisvaltaisesti.&nbsp; FLT-ravintovalmennus sopii kaikenik\u00e4isille. Asiakkainani on ollut niin vauvoja, lapsia ja nuoria kuin aikuisia ja seniori-ik\u00e4isi\u00e4.&nbsp; FLT-ravintovalmentajan vastaanotolla kaikki el\u00e4m\u00e4si osa-alueet tulevat huomioiduksi. Tavoitteena on, ett\u00e4 saamme yhdess\u00e4 kaivettua ongelmiesi juurisyyt esiin. \u2014 Soile M\u00e4kinen \u2014 Mit\u00e4 on funktionaalinen l\u00e4\u00e4ketiede? Funktionaalinen l\u00e4\u00e4ketiede perustuu tieteeseen [&hellip;]\" \/>\n<meta property=\"og:url\" content=\"https:\/\/oloisahealth.fi\/en\/flt-ravintovalmennus\/\" \/>\n<meta property=\"og:site_name\" content=\"Oloisa Health\" \/>\n<meta property=\"article:modified_time\" content=\"2022-11-06T14:33:57+00:00\" \/>\n<meta property=\"og:image\" content=\"https:\/\/oloisahealth.fi\/wp-content\/uploads\/2022\/08\/testimonial-quotation-mark.svg\" \/>\n<meta name=\"twitter:card\" content=\"summary_large_image\" \/>\n<meta name=\"twitter:label1\" content=\"Estimated reading time\" \/>\n\t<meta name=\"twitter:data1\" content=\"2 minutes\" \/>\n<script type=\"application\/ld+json\" class=\"yoast-schema-graph\">{\"@context\":\"https:\/\/schema.org\",\"@graph\":[{\"@type\":\"WebPage\",\"@id\":\"https:\/\/oloisahealth.fi\/flt-ravintovalmennus\/\",\"url\":\"https:\/\/oloisahealth.fi\/flt-ravintovalmennus\/\",\"name\":\"Ravintovalmennus - Oloisa Health\",\"isPartOf\":{\"@id\":\"https:\/\/oloisahealth.fi\/#website\"},\"primaryImageOfPage\":{\"@id\":\"https:\/\/oloisahealth.fi\/flt-ravintovalmennus\/#primaryimage\"},\"image\":{\"@id\":\"https:\/\/oloisahealth.fi\/flt-ravintovalmennus\/#primaryimage\"},\"thumbnailUrl\":\"https:\/\/oloisahealth.fi\/wp-content\/uploads\/2022\/08\/testimonial-quotation-mark.svg\",\"datePublished\":\"2022-08-18T07:41:07+00:00\",\"dateModified\":\"2022-11-06T14:33:57+00:00\",\"breadcrumb\":{\"@id\":\"https:\/\/oloisahealth.fi\/flt-ravintovalmennus\/#breadcrumb\"},\"inLanguage\":\"en-GB\",\"potentialAction\":[{\"@type\":\"ReadAction\",\"target\":[\"https:\/\/oloisahealth.fi\/flt-ravintovalmennus\/\"]}]},{\"@type\":\"ImageObject\",\"inLanguage\":\"en-GB\",\"@id\":\"https:\/\/oloisahealth.fi\/flt-ravintovalmennus\/#primaryimage\",\"url\":\"https:\/\/oloisahealth.fi\/wp-content\/uploads\/2022\/08\/testimonial-quotation-mark.svg\",\"contentUrl\":\"https:\/\/oloisahealth.fi\/wp-content\/uploads\/2022\/08\/testimonial-quotation-mark.svg\"},{\"@type\":\"BreadcrumbList\",\"@id\":\"https:\/\/oloisahealth.fi\/flt-ravintovalmennus\/#breadcrumb\",\"itemListElement\":[{\"@type\":\"ListItem\",\"position\":1,\"name\":\"Etusivu\",\"item\":\"https:\/\/oloisahealth.fi\/\"},{\"@type\":\"ListItem\",\"position\":2,\"name\":\"Ravintovalmennus\"}]},{\"@type\":\"WebSite\",\"@id\":\"https:\/\/oloisahealth.fi\/#website\",\"url\":\"https:\/\/oloisahealth.fi\/\",\"name\":\"Oloisa Health\",\"description\":\"Ravintovalmennusta\",\"publisher\":{\"@id\":\"https:\/\/oloisahealth.fi\/#organization\"},\"potentialAction\":[{\"@type\":\"SearchAction\",\"target\":{\"@type\":\"EntryPoint\",\"urlTemplate\":\"https:\/\/oloisahealth.fi\/?s={search_term_string}\"},\"query-input\":{\"@type\":\"PropertyValueSpecification\",\"valueRequired\":true,\"valueName\":\"search_term_string\"}}],\"inLanguage\":\"en-GB\"},{\"@type\":\"Organization\",\"@id\":\"https:\/\/oloisahealth.fi\/#organization\",\"name\":\"Oloisa Health\",\"url\":\"https:\/\/oloisahealth.fi\/\",\"logo\":{\"@type\":\"ImageObject\",\"inLanguage\":\"en-GB\",\"@id\":\"https:\/\/oloisahealth.fi\/#\/schema\/logo\/image\/\",\"url\":\"https:\/\/oloisahealth.fi\/wp-content\/uploads\/2022\/08\/oloisa-logo-1.png\",\"contentUrl\":\"https:\/\/oloisahealth.fi\/wp-content\/uploads\/2022\/08\/oloisa-logo-1.png\",\"width\":320,\"height\":75,\"caption\":\"Oloisa Health\"},\"image\":{\"@id\":\"https:\/\/oloisahealth.fi\/#\/schema\/logo\/image\/\"}}]}<\/script>\n<!-- \/ Yoast SEO plugin. -->","yoast_head_json":{"title":"Ravintovalmennus - Oloisa Health","robots":{"index":"index","follow":"follow","max-snippet":"max-snippet:-1","max-image-preview":"max-image-preview:large","max-video-preview":"max-video-preview:-1"},"canonical":"https:\/\/oloisahealth.fi\/en\/flt-ravintovalmennus\/","og_locale":"en_GB","og_type":"article","og_title":"Ravintovalmennus - Oloisa Health","og_description":"Ravintovalmennus FLT-ravintovalmennus ottaa huomioon kaikki el\u00e4m\u00e4n osa-alueet. Tarkoituksena on lis\u00e4t\u00e4 hyvinvointia kokonaisvaltaisesti.&nbsp; FLT-ravintovalmennus sopii kaikenik\u00e4isille. Asiakkainani on ollut niin vauvoja, lapsia ja nuoria kuin aikuisia ja seniori-ik\u00e4isi\u00e4.&nbsp; FLT-ravintovalmentajan vastaanotolla kaikki el\u00e4m\u00e4si osa-alueet tulevat huomioiduksi. Tavoitteena on, ett\u00e4 saamme yhdess\u00e4 kaivettua ongelmiesi juurisyyt esiin. \u2014 Soile M\u00e4kinen \u2014 Mit\u00e4 on funktionaalinen l\u00e4\u00e4ketiede? Funktionaalinen l\u00e4\u00e4ketiede perustuu tieteeseen [&hellip;]","og_url":"https:\/\/oloisahealth.fi\/en\/flt-ravintovalmennus\/","og_site_name":"Oloisa Health","article_modified_time":"2022-11-06T14:33:57+00:00","og_image":[{"url":"https:\/\/oloisahealth.fi\/wp-content\/uploads\/2022\/08\/testimonial-quotation-mark.svg","type":"","width":"","height":""}],"twitter_card":"summary_large_image","twitter_misc":{"Estimated reading time":"2 minutes"},"schema":{"@context":"https:\/\/schema.org","@graph":[{"@type":"WebPage","@id":"https:\/\/oloisahealth.fi\/flt-ravintovalmennus\/","url":"https:\/\/oloisahealth.fi\/flt-ravintovalmennus\/","name":"Ravintovalmennus - Oloisa Health","isPartOf":{"@id":"https:\/\/oloisahealth.fi\/#website"},"primaryImageOfPage":{"@id":"https:\/\/oloisahealth.fi\/flt-ravintovalmennus\/#primaryimage"},"image":{"@id":"https:\/\/oloisahealth.fi\/flt-ravintovalmennus\/#primaryimage"},"thumbnailUrl":"https:\/\/oloisahealth.fi\/wp-content\/uploads\/2022\/08\/testimonial-quotation-mark.svg","datePublished":"2022-08-18T07:41:07+00:00","dateModified":"2022-11-06T14:33:57+00:00","breadcrumb":{"@id":"https:\/\/oloisahealth.fi\/flt-ravintovalmennus\/#breadcrumb"},"inLanguage":"en-GB","potentialAction":[{"@type":"ReadAction","target":["https:\/\/oloisahealth.fi\/flt-ravintovalmennus\/"]}]},{"@type":"ImageObject","inLanguage":"en-GB","@id":"https:\/\/oloisahealth.fi\/flt-ravintovalmennus\/#primaryimage","url":"https:\/\/oloisahealth.fi\/wp-content\/uploads\/2022\/08\/testimonial-quotation-mark.svg","contentUrl":"https:\/\/oloisahealth.fi\/wp-content\/uploads\/2022\/08\/testimonial-quotation-mark.svg"},{"@type":"BreadcrumbList","@id":"https:\/\/oloisahealth.fi\/flt-ravintovalmennus\/#breadcrumb","itemListElement":[{"@type":"ListItem","position":1,"name":"Etusivu","item":"https:\/\/oloisahealth.fi\/"},{"@type":"ListItem","position":2,"name":"Ravintovalmennus"}]},{"@type":"WebSite","@id":"https:\/\/oloisahealth.fi\/#website","url":"https:\/\/oloisahealth.fi\/","name":"Oloisa Health","description":"Ravintovalmennusta","publisher":{"@id":"https:\/\/oloisahealth.fi\/#organization"},"potentialAction":[{"@type":"SearchAction","target":{"@type":"EntryPoint","urlTemplate":"https:\/\/oloisahealth.fi\/?s={search_term_string}"},"query-input":{"@type":"PropertyValueSpecification","valueRequired":true,"valueName":"search_term_string"}}],"inLanguage":"en-GB"},{"@type":"Organization","@id":"https:\/\/oloisahealth.fi\/#organization","name":"Oloisa Health","url":"https:\/\/oloisahealth.fi\/","logo":{"@type":"ImageObject","inLanguage":"en-GB","@id":"https:\/\/oloisahealth.fi\/#\/schema\/logo\/image\/","url":"https:\/\/oloisahealth.fi\/wp-content\/uploads\/2022\/08\/oloisa-logo-1.png","contentUrl":"https:\/\/oloisahealth.fi\/wp-content\/uploads\/2022\/08\/oloisa-logo-1.png","width":320,"height":75,"caption":"Oloisa Health"},"image":{"@id":"https:\/\/oloisahealth.fi\/#\/schema\/logo\/image\/"}}]}},"_links":{"self":[{"href":"https:\/\/oloisahealth.fi\/en\/wp-json\/wp\/v2\/pages\/26","targetHints":{"allow":["GET"]}}],"collection":[{"href":"https:\/\/oloisahealth.fi\/en\/wp-json\/wp\/v2\/pages"}],"about":[{"href":"https:\/\/oloisahealth.fi\/en\/wp-json\/wp\/v2\/types\/page"}],"author":[{"embeddable":true,"href":"https:\/\/oloisahealth.fi\/en\/wp-json\/wp\/v2\/users\/1"}],"replies":[{"embeddable":true,"href":"https:\/\/oloisahealth.fi\/en\/wp-json\/wp\/v2\/comments?post=26"}],"version-history":[{"count":71,"href":"https:\/\/oloisahealth.fi\/en\/wp-json\/wp\/v2\/pages\/26\/revisions"}],"predecessor-version":[{"id":735,"href":"https:\/\/oloisahealth.fi\/en\/wp-json\/wp\/v2\/pages\/26\/revisions\/735"}],"wp:attachment":[{"href":"https:\/\/oloisahealth.fi\/en\/wp-json\/wp\/v2\/media?parent=26"}],"curies":[{"name":"wp","href":"https:\/\/api.w.org\/{rel}","templated":true}]}}