{"id":136,"date":"2022-08-20T09:02:11","date_gmt":"2022-08-20T09:02:11","guid":{"rendered":"https:\/\/ol.wpdev.fi\/about\/"},"modified":"2025-11-25T16:11:34","modified_gmt":"2025-11-25T16:11:34","slug":"tietoa-soilesta","status":"publish","type":"page","link":"https:\/\/oloisahealth.fi\/en\/tietoa-soilesta\/","title":{"rendered":"Who am I"},"content":{"rendered":"\t\t<div data-elementor-type=\"wp-page\" data-elementor-id=\"136\" class=\"elementor elementor-136\" data-elementor-post-type=\"page\">\n\t\t\t\t\t\t<section class=\"elementor-section elementor-top-section elementor-element elementor-element-4976efa elementor-section-height-min-height elementor-section-boxed elementor-section-height-default elementor-section-items-middle\" data-id=\"4976efa\" data-element_type=\"section\" data-e-type=\"section\" data-settings=\"{&quot;background_background&quot;:&quot;classic&quot;,&quot;background_motion_fx_motion_fx_scrolling&quot;:&quot;yes&quot;,&quot;background_motion_fx_translateY_effect&quot;:&quot;yes&quot;,&quot;background_motion_fx_translateY_direction&quot;:&quot;negative&quot;,&quot;background_motion_fx_translateY_speed&quot;:{&quot;unit&quot;:&quot;px&quot;,&quot;size&quot;:&quot;2&quot;,&quot;sizes&quot;:[]},&quot;background_motion_fx_translateY_affectedRange&quot;:{&quot;unit&quot;:&quot;%&quot;,&quot;size&quot;:&quot;&quot;,&quot;sizes&quot;:{&quot;start&quot;:0,&quot;end&quot;:100}},&quot;background_motion_fx_devices&quot;:[&quot;desktop&quot;,&quot;tablet&quot;,&quot;mobile&quot;]}\">\n\t\t\t\t\t\t<div class=\"elementor-container elementor-column-gap-no\">\n\t\t\t\t\t<div class=\"elementor-column elementor-col-100 elementor-top-column elementor-element elementor-element-45b7e389\" data-id=\"45b7e389\" data-element_type=\"column\" data-e-type=\"column\" data-settings=\"{&quot;background_background&quot;:&quot;slideshow&quot;,&quot;background_slideshow_gallery&quot;:[],&quot;background_slideshow_loop&quot;:&quot;yes&quot;,&quot;background_slideshow_slide_duration&quot;:5000,&quot;background_slideshow_slide_transition&quot;:&quot;fade&quot;,&quot;background_slideshow_transition_duration&quot;:500}\">\n\t\t\t<div class=\"elementor-widget-wrap\">\n\t\t\t\t\t\t\t<\/div>\n\t\t<\/div>\n\t\t\t\t\t<\/div>\n\t\t<\/section>\n\t\t\t\t<section class=\"elementor-section elementor-top-section elementor-element elementor-element-3f54e3d2 elementor-section-height-min-height elementor-section-items-stretch elementor-section-content-middle elementor-section-boxed elementor-section-height-default\" data-id=\"3f54e3d2\" data-element_type=\"section\" data-e-type=\"section\" data-settings=\"{&quot;background_background&quot;:&quot;classic&quot;,&quot;motion_fx_motion_fx_scrolling&quot;:&quot;yes&quot;,&quot;motion_fx_translateY_effect&quot;:&quot;yes&quot;,&quot;motion_fx_translateY_speed&quot;:{&quot;unit&quot;:&quot;px&quot;,&quot;size&quot;:&quot;0.5&quot;,&quot;sizes&quot;:[]},&quot;motion_fx_translateY_affectedRange&quot;:{&quot;unit&quot;:&quot;%&quot;,&quot;size&quot;:&quot;&quot;,&quot;sizes&quot;:{&quot;start&quot;:0,&quot;end&quot;:100}},&quot;motion_fx_devices&quot;:[&quot;desktop&quot;,&quot;tablet&quot;,&quot;mobile&quot;]}\">\n\t\t\t\t\t\t<div class=\"elementor-container elementor-column-gap-no\">\n\t\t\t\t\t<div class=\"elementor-column elementor-col-100 elementor-top-column elementor-element elementor-element-3bb12424\" data-id=\"3bb12424\" data-element_type=\"column\" data-e-type=\"column\" data-settings=\"{&quot;background_background&quot;:&quot;classic&quot;}\">\n\t\t\t<div class=\"elementor-widget-wrap elementor-element-populated\">\n\t\t\t\t\t\t<div class=\"elementor-element elementor-element-37b774d3 elementor-widget elementor-widget-heading\" data-id=\"37b774d3\" data-element_type=\"widget\" data-e-type=\"widget\" data-widget_type=\"heading.default\">\n\t\t\t\t<div class=\"elementor-widget-container\">\n\t\t\t\t\t<h1 class=\"elementor-heading-title elementor-size-default\">Oloisa Health<\/h1>\t\t\t\t<\/div>\n\t\t\t\t<\/div>\n\t\t\t\t<div class=\"elementor-element elementor-element-b42afc4 elementor-widget elementor-widget-heading\" data-id=\"b42afc4\" data-element_type=\"widget\" data-e-type=\"widget\" data-widget_type=\"heading.default\">\n\t\t\t\t<div class=\"elementor-widget-container\">\n\t\t\t\t\t<h1 class=\"elementor-heading-title elementor-size-default\">FLT Ravintovalmentaja\u00ae<\/h1>\t\t\t\t<\/div>\n\t\t\t\t<\/div>\n\t\t\t\t<div class=\"elementor-element elementor-element-188855b9 elementor-widget elementor-widget-text-editor\" data-id=\"188855b9\" data-element_type=\"widget\" data-e-type=\"widget\" data-widget_type=\"text-editor.default\">\n\t\t\t\t<div class=\"elementor-widget-container\">\n\t\t\t\t\t\t\t\t\t<p>Hyvinvointi ja terveys ovat kiinnostaneet minua niin kauan kuin muistan. Vuosien ajan seurasin vallalla olevia suosituksia ja testasin erilaisia dieettej\u00e4. Nyt voin jo hymyill\u00e4 esimerkiksi ep\u00e4toivoiselle painon pudottamiselle, jota yritin toteuttaa v\u00e4ltt\u00e4m\u00e4ll\u00e4 rasvaa. Sen seurauksena sain koko elimist\u00f6ni sekaisin ja sairastelukierteen p\u00e4\u00e4lle. L\u00e4\u00e4k\u00e4rit etsiv\u00e4t syyt\u00e4 verikokein ja testein, mutta kukaan ei huomannut kysy\u00e4 mit\u00e4 s\u00f6in ja miten pidin itsest\u00e4ni huolta.<\/p>\t\t\t\t\t\t\t\t<\/div>\n\t\t\t\t<\/div>\n\t\t\t\t\t<\/div>\n\t\t<\/div>\n\t\t\t\t\t<\/div>\n\t\t<\/section>\n\t\t\t\t<section class=\"elementor-section elementor-top-section elementor-element elementor-element-4c6da234 elementor-section-height-min-height elementor-section-items-stretch elementor-section-content-middle elementor-section-boxed elementor-section-height-default\" data-id=\"4c6da234\" data-element_type=\"section\" data-e-type=\"section\" data-settings=\"{&quot;background_background&quot;:&quot;classic&quot;}\">\n\t\t\t\t\t\t<div class=\"elementor-container elementor-column-gap-no\">\n\t\t\t\t\t<div class=\"elementor-column elementor-col-100 elementor-top-column elementor-element elementor-element-7202c6ba\" data-id=\"7202c6ba\" data-element_type=\"column\" data-e-type=\"column\" data-settings=\"{&quot;background_background&quot;:&quot;classic&quot;}\">\n\t\t\t<div class=\"elementor-widget-wrap elementor-element-populated\">\n\t\t\t\t\t\t<div class=\"elementor-element elementor-element-4e18eb84 elementor-testimonial--layout-image_above elementor-testimonial--skin-default elementor-testimonial--align-center elementor-widget elementor-widget-testimonial-carousel\" data-id=\"4e18eb84\" data-element_type=\"widget\" data-e-type=\"widget\" data-settings=\"{&quot;speed&quot;:500,&quot;space_between&quot;:{&quot;unit&quot;:&quot;px&quot;,&quot;size&quot;:10,&quot;sizes&quot;:[]},&quot;space_between_tablet&quot;:{&quot;unit&quot;:&quot;px&quot;,&quot;size&quot;:10,&quot;sizes&quot;:[]},&quot;space_between_mobile&quot;:{&quot;unit&quot;:&quot;px&quot;,&quot;size&quot;:10,&quot;sizes&quot;:[]}}\" data-widget_type=\"testimonial-carousel.default\">\n\t\t\t\t<div class=\"elementor-widget-container\">\n\t\t\t\t\t\t\t\t\t<div class=\"elementor-swiper\">\n\t\t\t\t\t<div class=\"elementor-main-swiper swiper\" role=\"region\" aria-roledescription=\"carousel\" aria-label=\"Slides\">\n\t\t\t\t<div class=\"swiper-wrapper\">\n\t\t\t\t\t\t\t\t\t\t\t<div class=\"swiper-slide\" role=\"group\" aria-roledescription=\"slide\">\n\t\t\t\t\t\t\t\t\t<div class=\"elementor-testimonial\">\n\t\t\t\t\t\t\t<div class=\"elementor-testimonial__content\">\n\t\t\t\t\t<div class=\"elementor-testimonial__text\">\n\t\t\t\t\t\tHaluan tuoda el\u00e4m\u00e4\u00e4si kokonaisvaltaista hyvinvointia. Poistetaan yhdess\u00e4 turha kuormitus ja lis\u00e4t\u00e4\u00e4n hyvi\u00e4, terveytt\u00e4 tukevia asioita!\t\t\t\t\t<\/div>\n\t\t\t\t\t<cite class=\"elementor-testimonial__cite\"><span class=\"elementor-testimonial__name\">\u2014 Soile M\u00e4kinen  \u2014<\/span><\/cite>\t\t\t\t<\/div>\n\t\t\t\t\t\t<div class=\"elementor-testimonial__footer\">\n\t\t\t\t\t\t\t\t\t<div class=\"elementor-testimonial__image\">\n\t\t\t\t\t\t<img decoding=\"async\" src=\"https:\/\/oloisahealth.fi\/wp-content\/uploads\/2022\/08\/testimonial-quotation-mark.svg\" alt=\"\u2014 Soile M\u00e4kinen  \u2014\">\n\t\t\t\t\t\t\t\t\t\t\t<\/div>\n\t\t\t\t\t\t\t\t\t\t\t<\/div>\n\t\t<\/div>\n\t\t\t\t\t\t\t\t<\/div>\n\t\t\t\t\t\t\t\t\t<\/div>\n\t\t\t\t\t\t\t<\/div>\n\t\t\t\t<\/div>\n\t\t\t\t\t\t\t\t<\/div>\n\t\t\t\t<\/div>\n\t\t\t\t\t<\/div>\n\t\t<\/div>\n\t\t\t\t\t<\/div>\n\t\t<\/section>\n\t\t\t\t<section class=\"elementor-section elementor-top-section elementor-element elementor-element-625c0118 elementor-section-height-min-height elementor-section-items-stretch elementor-section-content-middle elementor-section-boxed elementor-section-height-default\" data-id=\"625c0118\" data-element_type=\"section\" data-e-type=\"section\">\n\t\t\t\t\t\t<div class=\"elementor-container elementor-column-gap-no\">\n\t\t\t\t\t<div class=\"elementor-column elementor-col-100 elementor-top-column elementor-element elementor-element-19a756fe\" data-id=\"19a756fe\" data-element_type=\"column\" data-e-type=\"column\">\n\t\t\t<div class=\"elementor-widget-wrap elementor-element-populated\">\n\t\t\t\t\t\t<div class=\"elementor-element elementor-element-5bbfa1a elementor-widget elementor-widget-image\" data-id=\"5bbfa1a\" data-element_type=\"widget\" data-e-type=\"widget\" data-widget_type=\"image.default\">\n\t\t\t\t<div class=\"elementor-widget-container\">\n\t\t\t\t\t\t\t\t\t\t\t\t\t\t\t<img fetchpriority=\"high\" decoding=\"async\" width=\"768\" height=\"383\" src=\"https:\/\/oloisahealth.fi\/wp-content\/uploads\/2022\/09\/Soikku2-768x383.jpg\" class=\"attachment-medium_large size-medium_large wp-image-573\" alt=\"\" srcset=\"https:\/\/oloisahealth.fi\/wp-content\/uploads\/2022\/09\/Soikku2-768x383.jpg 768w, https:\/\/oloisahealth.fi\/wp-content\/uploads\/2022\/09\/Soikku2-300x150.jpg 300w, https:\/\/oloisahealth.fi\/wp-content\/uploads\/2022\/09\/Soikku2-1024x511.jpg 1024w, https:\/\/oloisahealth.fi\/wp-content\/uploads\/2022\/09\/Soikku2-1536x767.jpg 1536w, https:\/\/oloisahealth.fi\/wp-content\/uploads\/2022\/09\/Soikku2.jpg 1991w\" sizes=\"(max-width: 768px) 100vw, 768px\" \/>\t\t\t\t\t\t\t\t\t\t\t\t\t\t\t<\/div>\n\t\t\t\t<\/div>\n\t\t\t\t\t<\/div>\n\t\t<\/div>\n\t\t\t\t\t<\/div>\n\t\t<\/section>\n\t\t\t\t<section class=\"elementor-section elementor-top-section elementor-element elementor-element-098bafa elementor-section-boxed elementor-section-height-default elementor-section-height-default\" data-id=\"098bafa\" data-element_type=\"section\" data-e-type=\"section\">\n\t\t\t\t\t\t<div class=\"elementor-container elementor-column-gap-default\">\n\t\t\t\t\t<div class=\"elementor-column elementor-col-100 elementor-top-column elementor-element elementor-element-b311cc0\" data-id=\"b311cc0\" data-element_type=\"column\" data-e-type=\"column\">\n\t\t\t<div class=\"elementor-widget-wrap elementor-element-populated\">\n\t\t\t\t\t\t<div class=\"elementor-element elementor-element-4ae7f9f elementor-widget elementor-widget-heading\" data-id=\"4ae7f9f\" data-element_type=\"widget\" data-e-type=\"widget\" data-widget_type=\"heading.default\">\n\t\t\t\t<div class=\"elementor-widget-container\">\n\t\t\t\t\t<h2 class=\"elementor-heading-title elementor-size-default\">Soile M\u00e4kinen<\/h2>\t\t\t\t<\/div>\n\t\t\t\t<\/div>\n\t\t\t\t<div class=\"elementor-element elementor-element-3ea2e94 elementor-widget elementor-widget-text-editor\" data-id=\"3ea2e94\" data-element_type=\"widget\" data-e-type=\"widget\" data-widget_type=\"text-editor.default\">\n\t\t\t\t<div class=\"elementor-widget-container\">\n\t\t\t\t\t\t\t\t\t<p>Vuonna 2014 el\u00e4m\u00e4 heitti minut uusille urille ja p\u00e4\u00e4dyin opiskelemaan Paula Heinosen johdolla funktionaalista l\u00e4\u00e4ketiedett\u00e4. Sukelsin syv\u00e4lle ravintoasioihin ja kokonaisvaltainen ravitsemuksen ja kaiken muunkin el\u00e4m\u00e4n kattava ajattelu tuntui heti omalta. Moni asia selkeni p\u00e4\u00e4ss\u00e4ni.<\/p><p>T\u00e4ss\u00e4 ammatissa kukaan ei ole koskaan valmis. Uutta tutkimustietoa julkaistaan jatkuvasti ja p\u00e4\u00e4semme tutustumaan aina vain syvemm\u00e4lle ihmisen sopukoihin ja sy\u00f6vereihin. Kouluttaudunkin ja p\u00e4ivit\u00e4n tietojani funktionaalisen l\u00e4\u00e4ketieteen saralla jatkuvasti.<\/p>\t\t\t\t\t\t\t\t<\/div>\n\t\t\t\t<\/div>\n\t\t\t\t\t<\/div>\n\t\t<\/div>\n\t\t\t\t\t<\/div>\n\t\t<\/section>\n\t\t\t\t<section class=\"elementor-section elementor-top-section elementor-element elementor-element-75bb6a1d elementor-section-height-min-height elementor-section-items-stretch elementor-section-content-middle elementor-section-boxed elementor-section-height-default\" data-id=\"75bb6a1d\" data-element_type=\"section\" data-e-type=\"section\">\n\t\t\t\t\t\t<div class=\"elementor-container elementor-column-gap-no\">\n\t\t\t\t\t<div class=\"elementor-column elementor-col-50 elementor-top-column elementor-element elementor-element-51779dbe\" data-id=\"51779dbe\" data-element_type=\"column\" data-e-type=\"column\" data-settings=\"{&quot;background_background&quot;:&quot;classic&quot;,&quot;background_motion_fx_motion_fx_scrolling&quot;:&quot;yes&quot;,&quot;background_motion_fx_translateY_effect&quot;:&quot;yes&quot;,&quot;background_motion_fx_translateY_direction&quot;:&quot;negative&quot;,&quot;background_motion_fx_translateY_speed&quot;:{&quot;unit&quot;:&quot;px&quot;,&quot;size&quot;:&quot;1&quot;,&quot;sizes&quot;:[]},&quot;background_motion_fx_translateY_affectedRange&quot;:{&quot;unit&quot;:&quot;%&quot;,&quot;size&quot;:&quot;&quot;,&quot;sizes&quot;:{&quot;start&quot;:0,&quot;end&quot;:100}},&quot;background_motion_fx_devices&quot;:[&quot;desktop&quot;,&quot;tablet&quot;,&quot;mobile&quot;]}\">\n\t\t\t<div class=\"elementor-widget-wrap elementor-element-populated\">\n\t\t\t\t\t\t<div class=\"elementor-element elementor-element-558b3618 elementor-widget elementor-widget-spacer\" data-id=\"558b3618\" data-element_type=\"widget\" data-e-type=\"widget\" data-widget_type=\"spacer.default\">\n\t\t\t\t<div class=\"elementor-widget-container\">\n\t\t\t\t\t\t\t<div class=\"elementor-spacer\">\n\t\t\t<div class=\"elementor-spacer-inner\"><\/div>\n\t\t<\/div>\n\t\t\t\t\t\t<\/div>\n\t\t\t\t<\/div>\n\t\t\t\t\t<\/div>\n\t\t<\/div>\n\t\t\t\t<div class=\"elementor-column elementor-col-50 elementor-top-column elementor-element elementor-element-54eb58e6\" data-id=\"54eb58e6\" data-element_type=\"column\" data-e-type=\"column\">\n\t\t\t<div class=\"elementor-widget-wrap elementor-element-populated\">\n\t\t\t\t\t\t<div class=\"elementor-element elementor-element-5daa97e5 elementor-widget elementor-widget-heading\" data-id=\"5daa97e5\" data-element_type=\"widget\" data-e-type=\"widget\" data-widget_type=\"heading.default\">\n\t\t\t\t<div class=\"elementor-widget-container\">\n\t\t\t\t\t<h2 class=\"elementor-heading-title elementor-size-default\">Koulutus<\/h2>\t\t\t\t<\/div>\n\t\t\t\t<\/div>\n\t\t\t\t<div class=\"elementor-element elementor-element-e2d3e66 elementor-icon-list--layout-traditional elementor-list-item-link-full_width elementor-widget elementor-widget-icon-list\" data-id=\"e2d3e66\" data-element_type=\"widget\" data-e-type=\"widget\" data-widget_type=\"icon-list.default\">\n\t\t\t\t<div class=\"elementor-widget-container\">\n\t\t\t\t\t\t\t<ul class=\"elementor-icon-list-items\">\n\t\t\t\t\t\t\t<li class=\"elementor-icon-list-item\">\n\t\t\t\t\t\t\t\t\t\t\t<span class=\"elementor-icon-list-icon\">\n\t\t\t\t\t\t\t<i aria-hidden=\"true\" class=\"fas fa-award\"><\/i>\t\t\t\t\t\t<\/span>\n\t\t\t\t\t\t\t\t\t\t<span class=\"elementor-icon-list-text\">FLT Ravintovalmentaja\u00ae<\/span>\n\t\t\t\t\t\t\t\t\t<\/li>\n\t\t\t\t\t\t\t\t<li class=\"elementor-icon-list-item\">\n\t\t\t\t\t\t\t\t\t\t\t<span class=\"elementor-icon-list-icon\">\n\t\t\t\t\t\t\t<i aria-hidden=\"true\" class=\"fas fa-award\"><\/i>\t\t\t\t\t\t<\/span>\n\t\t\t\t\t\t\t\t\t\t<span class=\"elementor-icon-list-text\">L\u00e4\u00e4ketieteen perusteet, It\u00e4-Suomen avoin yliopisto<\/span>\n\t\t\t\t\t\t\t\t\t<\/li>\n\t\t\t\t\t\t\t\t<li class=\"elementor-icon-list-item\">\n\t\t\t\t\t\t\t\t\t\t\t<span class=\"elementor-icon-list-icon\">\n\t\t\t\t\t\t\t<i aria-hidden=\"true\" class=\"fas fa-award\"><\/i>\t\t\t\t\t\t<\/span>\n\t\t\t\t\t\t\t\t\t\t<span class=\"elementor-icon-list-text\">Ravitsemustieteen perusteet, Helsingin avoin yliopisto<\/span>\n\t\t\t\t\t\t\t\t\t<\/li>\n\t\t\t\t\t\t\t\t<li class=\"elementor-icon-list-item\">\n\t\t\t\t\t\t\t\t\t\t\t<span class=\"elementor-icon-list-icon\">\n\t\t\t\t\t\t\t<i aria-hidden=\"true\" class=\"fas fa-award\"><\/i>\t\t\t\t\t\t<\/span>\n\t\t\t\t\t\t\t\t\t\t<span class=\"elementor-icon-list-text\">Liikunnan ammattitutkinto, Vierum\u00e4en urheiluopisto <\/span>\n\t\t\t\t\t\t\t\t\t<\/li>\n\t\t\t\t\t\t\t\t<li class=\"elementor-icon-list-item\">\n\t\t\t\t\t\t\t\t\t\t\t<span class=\"elementor-icon-list-icon\">\n\t\t\t\t\t\t\t<i aria-hidden=\"true\" class=\"fas fa-award\"><\/i>\t\t\t\t\t\t<\/span>\n\t\t\t\t\t\t\t\t\t\t<span class=\"elementor-icon-list-text\">Yhteiskuntatieteiden maisteri (YTM) <\/span>\n\t\t\t\t\t\t\t\t\t<\/li>\n\t\t\t\t\t\t<\/ul>\n\t\t\t\t\t\t<\/div>\n\t\t\t\t<\/div>\n\t\t\t\t\t<\/div>\n\t\t<\/div>\n\t\t\t\t\t<\/div>\n\t\t<\/section>\n\t\t\t\t<\/div>\n\t\t","protected":false},"excerpt":{"rendered":"<p>Oloisa Health FLT Ravintovalmentaja\u00ae Hyvinvointi ja terveys ovat kiinnostaneet minua niin kauan kuin muistan. Vuosien ajan seurasin vallalla olevia suosituksia ja testasin erilaisia dieettej\u00e4. Nyt voin jo hymyill\u00e4 esimerkiksi ep\u00e4toivoiselle painon pudottamiselle, jota yritin toteuttaa v\u00e4ltt\u00e4m\u00e4ll\u00e4 rasvaa. Sen seurauksena sain koko elimist\u00f6ni sekaisin ja sairastelukierteen p\u00e4\u00e4lle. L\u00e4\u00e4k\u00e4rit etsiv\u00e4t syyt\u00e4 verikokein ja testein, mutta kukaan ei [&hellip;]<\/p>\n","protected":false},"author":1,"featured_media":0,"parent":0,"menu_order":0,"comment_status":"closed","ping_status":"closed","template":"elementor_header_footer","meta":{"footnotes":""},"class_list":["post-136","page","type-page","status-publish","hentry"],"yoast_head":"<!-- This site is optimized with the Yoast SEO plugin v27.1.1 - https:\/\/yoast.com\/product\/yoast-seo-wordpress\/ -->\n<title>Kuka olen - Oloisa Health<\/title>\n<meta name=\"robots\" content=\"index, follow, max-snippet:-1, max-image-preview:large, max-video-preview:-1\" \/>\n<link rel=\"canonical\" href=\"https:\/\/oloisahealth.fi\/en\/tietoa-soilesta\/\" \/>\n<meta property=\"og:locale\" content=\"en_GB\" \/>\n<meta property=\"og:type\" content=\"article\" \/>\n<meta property=\"og:title\" content=\"Kuka olen - Oloisa Health\" \/>\n<meta property=\"og:description\" content=\"Oloisa Health FLT Ravintovalmentaja\u00ae Hyvinvointi ja terveys ovat kiinnostaneet minua niin kauan kuin muistan. Vuosien ajan seurasin vallalla olevia suosituksia ja testasin erilaisia dieettej\u00e4. Nyt voin jo hymyill\u00e4 esimerkiksi ep\u00e4toivoiselle painon pudottamiselle, jota yritin toteuttaa v\u00e4ltt\u00e4m\u00e4ll\u00e4 rasvaa. Sen seurauksena sain koko elimist\u00f6ni sekaisin ja sairastelukierteen p\u00e4\u00e4lle. L\u00e4\u00e4k\u00e4rit etsiv\u00e4t syyt\u00e4 verikokein ja testein, mutta kukaan ei [&hellip;]\" \/>\n<meta property=\"og:url\" content=\"https:\/\/oloisahealth.fi\/en\/tietoa-soilesta\/\" \/>\n<meta property=\"og:site_name\" content=\"Oloisa Health\" \/>\n<meta property=\"article:modified_time\" content=\"2025-11-25T16:11:34+00:00\" \/>\n<meta property=\"og:image\" content=\"https:\/\/oloisahealth.fi\/wp-content\/uploads\/2022\/08\/testimonial-quotation-mark.svg\" \/>\n<meta name=\"twitter:card\" content=\"summary_large_image\" \/>\n<meta name=\"twitter:label1\" content=\"Estimated reading time\" \/>\n\t<meta name=\"twitter:data1\" content=\"1 minute\" \/>\n<script type=\"application\/ld+json\" class=\"yoast-schema-graph\">{\"@context\":\"https:\/\/schema.org\",\"@graph\":[{\"@type\":\"WebPage\",\"@id\":\"https:\/\/oloisahealth.fi\/tietoa-soilesta\/\",\"url\":\"https:\/\/oloisahealth.fi\/tietoa-soilesta\/\",\"name\":\"Kuka olen - Oloisa Health\",\"isPartOf\":{\"@id\":\"https:\/\/oloisahealth.fi\/#website\"},\"primaryImageOfPage\":{\"@id\":\"https:\/\/oloisahealth.fi\/tietoa-soilesta\/#primaryimage\"},\"image\":{\"@id\":\"https:\/\/oloisahealth.fi\/tietoa-soilesta\/#primaryimage\"},\"thumbnailUrl\":\"https:\/\/oloisahealth.fi\/wp-content\/uploads\/2022\/08\/testimonial-quotation-mark.svg\",\"datePublished\":\"2022-08-20T09:02:11+00:00\",\"dateModified\":\"2025-11-25T16:11:34+00:00\",\"breadcrumb\":{\"@id\":\"https:\/\/oloisahealth.fi\/tietoa-soilesta\/#breadcrumb\"},\"inLanguage\":\"en-GB\",\"potentialAction\":[{\"@type\":\"ReadAction\",\"target\":[\"https:\/\/oloisahealth.fi\/tietoa-soilesta\/\"]}]},{\"@type\":\"ImageObject\",\"inLanguage\":\"en-GB\",\"@id\":\"https:\/\/oloisahealth.fi\/tietoa-soilesta\/#primaryimage\",\"url\":\"https:\/\/oloisahealth.fi\/wp-content\/uploads\/2022\/08\/testimonial-quotation-mark.svg\",\"contentUrl\":\"https:\/\/oloisahealth.fi\/wp-content\/uploads\/2022\/08\/testimonial-quotation-mark.svg\"},{\"@type\":\"BreadcrumbList\",\"@id\":\"https:\/\/oloisahealth.fi\/tietoa-soilesta\/#breadcrumb\",\"itemListElement\":[{\"@type\":\"ListItem\",\"position\":1,\"name\":\"Etusivu\",\"item\":\"https:\/\/oloisahealth.fi\/\"},{\"@type\":\"ListItem\",\"position\":2,\"name\":\"Kuka olen\"}]},{\"@type\":\"WebSite\",\"@id\":\"https:\/\/oloisahealth.fi\/#website\",\"url\":\"https:\/\/oloisahealth.fi\/\",\"name\":\"Oloisa Health\",\"description\":\"Ravintovalmennusta\",\"publisher\":{\"@id\":\"https:\/\/oloisahealth.fi\/#organization\"},\"potentialAction\":[{\"@type\":\"SearchAction\",\"target\":{\"@type\":\"EntryPoint\",\"urlTemplate\":\"https:\/\/oloisahealth.fi\/?s={search_term_string}\"},\"query-input\":{\"@type\":\"PropertyValueSpecification\",\"valueRequired\":true,\"valueName\":\"search_term_string\"}}],\"inLanguage\":\"en-GB\"},{\"@type\":\"Organization\",\"@id\":\"https:\/\/oloisahealth.fi\/#organization\",\"name\":\"Oloisa Health\",\"url\":\"https:\/\/oloisahealth.fi\/\",\"logo\":{\"@type\":\"ImageObject\",\"inLanguage\":\"en-GB\",\"@id\":\"https:\/\/oloisahealth.fi\/#\/schema\/logo\/image\/\",\"url\":\"https:\/\/oloisahealth.fi\/wp-content\/uploads\/2022\/08\/oloisa-logo-1.png\",\"contentUrl\":\"https:\/\/oloisahealth.fi\/wp-content\/uploads\/2022\/08\/oloisa-logo-1.png\",\"width\":320,\"height\":75,\"caption\":\"Oloisa Health\"},\"image\":{\"@id\":\"https:\/\/oloisahealth.fi\/#\/schema\/logo\/image\/\"}}]}<\/script>\n<!-- \/ Yoast SEO plugin. -->","yoast_head_json":{"title":"Kuka olen - Oloisa Health","robots":{"index":"index","follow":"follow","max-snippet":"max-snippet:-1","max-image-preview":"max-image-preview:large","max-video-preview":"max-video-preview:-1"},"canonical":"https:\/\/oloisahealth.fi\/en\/tietoa-soilesta\/","og_locale":"en_GB","og_type":"article","og_title":"Kuka olen - Oloisa Health","og_description":"Oloisa Health FLT Ravintovalmentaja\u00ae Hyvinvointi ja terveys ovat kiinnostaneet minua niin kauan kuin muistan. Vuosien ajan seurasin vallalla olevia suosituksia ja testasin erilaisia dieettej\u00e4. Nyt voin jo hymyill\u00e4 esimerkiksi ep\u00e4toivoiselle painon pudottamiselle, jota yritin toteuttaa v\u00e4ltt\u00e4m\u00e4ll\u00e4 rasvaa. Sen seurauksena sain koko elimist\u00f6ni sekaisin ja sairastelukierteen p\u00e4\u00e4lle. L\u00e4\u00e4k\u00e4rit etsiv\u00e4t syyt\u00e4 verikokein ja testein, mutta kukaan ei [&hellip;]","og_url":"https:\/\/oloisahealth.fi\/en\/tietoa-soilesta\/","og_site_name":"Oloisa Health","article_modified_time":"2025-11-25T16:11:34+00:00","og_image":[{"url":"https:\/\/oloisahealth.fi\/wp-content\/uploads\/2022\/08\/testimonial-quotation-mark.svg","type":"","width":"","height":""}],"twitter_card":"summary_large_image","twitter_misc":{"Estimated reading time":"1 minute"},"schema":{"@context":"https:\/\/schema.org","@graph":[{"@type":"WebPage","@id":"https:\/\/oloisahealth.fi\/tietoa-soilesta\/","url":"https:\/\/oloisahealth.fi\/tietoa-soilesta\/","name":"Kuka olen - Oloisa Health","isPartOf":{"@id":"https:\/\/oloisahealth.fi\/#website"},"primaryImageOfPage":{"@id":"https:\/\/oloisahealth.fi\/tietoa-soilesta\/#primaryimage"},"image":{"@id":"https:\/\/oloisahealth.fi\/tietoa-soilesta\/#primaryimage"},"thumbnailUrl":"https:\/\/oloisahealth.fi\/wp-content\/uploads\/2022\/08\/testimonial-quotation-mark.svg","datePublished":"2022-08-20T09:02:11+00:00","dateModified":"2025-11-25T16:11:34+00:00","breadcrumb":{"@id":"https:\/\/oloisahealth.fi\/tietoa-soilesta\/#breadcrumb"},"inLanguage":"en-GB","potentialAction":[{"@type":"ReadAction","target":["https:\/\/oloisahealth.fi\/tietoa-soilesta\/"]}]},{"@type":"ImageObject","inLanguage":"en-GB","@id":"https:\/\/oloisahealth.fi\/tietoa-soilesta\/#primaryimage","url":"https:\/\/oloisahealth.fi\/wp-content\/uploads\/2022\/08\/testimonial-quotation-mark.svg","contentUrl":"https:\/\/oloisahealth.fi\/wp-content\/uploads\/2022\/08\/testimonial-quotation-mark.svg"},{"@type":"BreadcrumbList","@id":"https:\/\/oloisahealth.fi\/tietoa-soilesta\/#breadcrumb","itemListElement":[{"@type":"ListItem","position":1,"name":"Etusivu","item":"https:\/\/oloisahealth.fi\/"},{"@type":"ListItem","position":2,"name":"Kuka olen"}]},{"@type":"WebSite","@id":"https:\/\/oloisahealth.fi\/#website","url":"https:\/\/oloisahealth.fi\/","name":"Oloisa Health","description":"Ravintovalmennusta","publisher":{"@id":"https:\/\/oloisahealth.fi\/#organization"},"potentialAction":[{"@type":"SearchAction","target":{"@type":"EntryPoint","urlTemplate":"https:\/\/oloisahealth.fi\/?s={search_term_string}"},"query-input":{"@type":"PropertyValueSpecification","valueRequired":true,"valueName":"search_term_string"}}],"inLanguage":"en-GB"},{"@type":"Organization","@id":"https:\/\/oloisahealth.fi\/#organization","name":"Oloisa Health","url":"https:\/\/oloisahealth.fi\/","logo":{"@type":"ImageObject","inLanguage":"en-GB","@id":"https:\/\/oloisahealth.fi\/#\/schema\/logo\/image\/","url":"https:\/\/oloisahealth.fi\/wp-content\/uploads\/2022\/08\/oloisa-logo-1.png","contentUrl":"https:\/\/oloisahealth.fi\/wp-content\/uploads\/2022\/08\/oloisa-logo-1.png","width":320,"height":75,"caption":"Oloisa Health"},"image":{"@id":"https:\/\/oloisahealth.fi\/#\/schema\/logo\/image\/"}}]}},"_links":{"self":[{"href":"https:\/\/oloisahealth.fi\/en\/wp-json\/wp\/v2\/pages\/136","targetHints":{"allow":["GET"]}}],"collection":[{"href":"https:\/\/oloisahealth.fi\/en\/wp-json\/wp\/v2\/pages"}],"about":[{"href":"https:\/\/oloisahealth.fi\/en\/wp-json\/wp\/v2\/types\/page"}],"author":[{"embeddable":true,"href":"https:\/\/oloisahealth.fi\/en\/wp-json\/wp\/v2\/users\/1"}],"replies":[{"embeddable":true,"href":"https:\/\/oloisahealth.fi\/en\/wp-json\/wp\/v2\/comments?post=136"}],"version-history":[{"count":80,"href":"https:\/\/oloisahealth.fi\/en\/wp-json\/wp\/v2\/pages\/136\/revisions"}],"predecessor-version":[{"id":902,"href":"https:\/\/oloisahealth.fi\/en\/wp-json\/wp\/v2\/pages\/136\/revisions\/902"}],"wp:attachment":[{"href":"https:\/\/oloisahealth.fi\/en\/wp-json\/wp\/v2\/media?parent=136"}],"curies":[{"name":"wp","href":"https:\/\/api.w.org\/{rel}","templated":true}]}}