{"id":129,"date":"2022-08-20T09:02:09","date_gmt":"2022-08-20T09:02:09","guid":{"rendered":"https:\/\/ol.wpdev.fi\/services\/"},"modified":"2026-03-03T13:48:05","modified_gmt":"2026-03-03T13:48:05","slug":"palvelut","status":"publish","type":"page","link":"https:\/\/oloisahealth.fi\/en\/palvelut\/","title":{"rendered":"Pricing"},"content":{"rendered":"\t\t<div data-elementor-type=\"wp-page\" data-elementor-id=\"129\" class=\"elementor elementor-129\" data-elementor-post-type=\"page\">\n\t\t\t\t\t\t<section class=\"elementor-section elementor-top-section elementor-element elementor-element-69ed9d6e elementor-section-height-min-height elementor-section-boxed elementor-section-height-default elementor-section-items-middle\" data-id=\"69ed9d6e\" data-element_type=\"section\" data-e-type=\"section\" data-settings=\"{&quot;background_background&quot;:&quot;classic&quot;,&quot;background_motion_fx_motion_fx_scrolling&quot;:&quot;yes&quot;,&quot;background_motion_fx_translateY_effect&quot;:&quot;yes&quot;,&quot;background_motion_fx_translateY_direction&quot;:&quot;negative&quot;,&quot;background_motion_fx_translateY_speed&quot;:{&quot;unit&quot;:&quot;px&quot;,&quot;size&quot;:&quot;2&quot;,&quot;sizes&quot;:[]},&quot;background_motion_fx_translateY_affectedRange&quot;:{&quot;unit&quot;:&quot;%&quot;,&quot;size&quot;:&quot;&quot;,&quot;sizes&quot;:{&quot;start&quot;:0,&quot;end&quot;:100}},&quot;background_motion_fx_devices&quot;:[&quot;desktop&quot;,&quot;tablet&quot;,&quot;mobile&quot;]}\">\n\t\t\t\t\t\t<div class=\"elementor-container elementor-column-gap-no\">\n\t\t\t\t\t<div class=\"elementor-column elementor-col-100 elementor-top-column elementor-element elementor-element-46c6346a\" data-id=\"46c6346a\" data-element_type=\"column\" data-e-type=\"column\">\n\t\t\t<div class=\"elementor-widget-wrap elementor-element-populated\">\n\t\t\t\t\t\t<div class=\"elementor-element elementor-element-71c72ccd elementor-widget elementor-widget-spacer\" data-id=\"71c72ccd\" data-element_type=\"widget\" data-e-type=\"widget\" data-widget_type=\"spacer.default\">\n\t\t\t\t<div class=\"elementor-widget-container\">\n\t\t\t\t\t\t\t<div class=\"elementor-spacer\">\n\t\t\t<div class=\"elementor-spacer-inner\"><\/div>\n\t\t<\/div>\n\t\t\t\t\t\t<\/div>\n\t\t\t\t<\/div>\n\t\t\t\t\t<\/div>\n\t\t<\/div>\n\t\t\t\t\t<\/div>\n\t\t<\/section>\n\t\t\t\t<section class=\"elementor-section elementor-top-section elementor-element elementor-element-9cf4cde elementor-section-height-min-height elementor-section-items-stretch elementor-section-content-middle elementor-section-boxed elementor-section-height-default\" data-id=\"9cf4cde\" data-element_type=\"section\" data-e-type=\"section\" data-settings=\"{&quot;background_background&quot;:&quot;classic&quot;,&quot;motion_fx_motion_fx_scrolling&quot;:&quot;yes&quot;,&quot;motion_fx_translateY_effect&quot;:&quot;yes&quot;,&quot;motion_fx_translateY_speed&quot;:{&quot;unit&quot;:&quot;px&quot;,&quot;size&quot;:&quot;0.5&quot;,&quot;sizes&quot;:[]},&quot;motion_fx_translateY_affectedRange&quot;:{&quot;unit&quot;:&quot;%&quot;,&quot;size&quot;:&quot;&quot;,&quot;sizes&quot;:{&quot;start&quot;:0,&quot;end&quot;:100}},&quot;motion_fx_devices&quot;:[&quot;desktop&quot;,&quot;tablet&quot;,&quot;mobile&quot;]}\">\n\t\t\t\t\t\t<div class=\"elementor-container elementor-column-gap-no\">\n\t\t\t\t\t<div class=\"elementor-column elementor-col-100 elementor-top-column elementor-element elementor-element-307d6651\" data-id=\"307d6651\" data-element_type=\"column\" data-e-type=\"column\" data-settings=\"{&quot;background_background&quot;:&quot;classic&quot;}\">\n\t\t\t<div class=\"elementor-widget-wrap elementor-element-populated\">\n\t\t\t\t\t\t<div class=\"elementor-element elementor-element-7f9fa353 elementor-widget elementor-widget-heading\" data-id=\"7f9fa353\" data-element_type=\"widget\" data-e-type=\"widget\" data-widget_type=\"heading.default\">\n\t\t\t\t<div class=\"elementor-widget-container\">\n\t\t\t\t\t<h1 class=\"elementor-heading-title elementor-size-default\">Hinnasto<\/h1>\t\t\t\t<\/div>\n\t\t\t\t<\/div>\n\t\t\t\t<div class=\"elementor-element elementor-element-5d4afe7 elementor-widget elementor-widget-text-editor\" data-id=\"5d4afe7\" data-element_type=\"widget\" data-e-type=\"widget\" data-widget_type=\"text-editor.default\">\n\t\t\t\t<div class=\"elementor-widget-container\">\n\t\t\t\t\t\t\t\t\t<p>Ennen ensik\u00e4ynti\u00e4 l\u00e4het\u00e4n sinulle esitietolomakkeet ja oirekyselyn s\u00e4hk\u00f6postilla, jotta voin tutustua sinuun jo etuk\u00e4teen. Jokaisen k\u00e4ynnin j\u00e4lkeen saat kirjalliset ohjeet seuraavia askeleita varten.<\/p>\t\t\t\t\t\t\t\t<\/div>\n\t\t\t\t<\/div>\n\t\t\t\t\t<\/div>\n\t\t<\/div>\n\t\t\t\t\t<\/div>\n\t\t<\/section>\n\t\t\t\t<section class=\"elementor-section elementor-top-section elementor-element elementor-element-59680d4 elementor-section-boxed elementor-section-height-default elementor-section-height-default\" data-id=\"59680d4\" data-element_type=\"section\" data-e-type=\"section\">\n\t\t\t\t\t\t<div class=\"elementor-container elementor-column-gap-no\">\n\t\t\t\t\t<div class=\"elementor-column elementor-col-50 elementor-top-column elementor-element elementor-element-792234a5\" data-id=\"792234a5\" data-element_type=\"column\" data-e-type=\"column\">\n\t\t\t<div class=\"elementor-widget-wrap elementor-element-populated\">\n\t\t\t\t\t\t<div class=\"elementor-element elementor-element-544513b5 elementor-widget elementor-widget-heading\" data-id=\"544513b5\" data-element_type=\"widget\" data-e-type=\"widget\" data-widget_type=\"heading.default\">\n\t\t\t\t<div class=\"elementor-widget-container\">\n\t\t\t\t\t<h2 class=\"elementor-heading-title elementor-size-default\">Ensik\u00e4ynti\/<br>alkukartoitus 2 h <\/h2>\t\t\t\t<\/div>\n\t\t\t\t<\/div>\n\t\t\t\t<div class=\"elementor-element elementor-element-22a313ea elementor-widget elementor-widget-text-editor\" data-id=\"22a313ea\" data-element_type=\"widget\" data-e-type=\"widget\" data-widget_type=\"text-editor.default\">\n\t\t\t\t<div class=\"elementor-widget-container\">\n\t\t\t\t\t\t\t\t\t<p>Ennen ensik\u00e4ynti\u00e4 l\u00e4het\u00e4n sinulle esitietolomakkeet ja oirekyselyn s\u00e4hk\u00f6postilla, jotta voin tutustua sinuun jo etuk\u00e4teen. Jokaisen k\u00e4ynnin j\u00e4lkeen saat kirjalliset ohjeet seuraavia askeleita varten.<\/p>\t\t\t\t\t\t\t\t<\/div>\n\t\t\t\t<\/div>\n\t\t\t\t<div class=\"elementor-element elementor-element-184d4ec6 elementor-widget elementor-widget-heading\" data-id=\"184d4ec6\" data-element_type=\"widget\" data-e-type=\"widget\" data-widget_type=\"heading.default\">\n\t\t\t\t<div class=\"elementor-widget-container\">\n\t\t\t\t\t<h3 class=\"elementor-heading-title elementor-size-default\">210 \u20ac <\/h3>\t\t\t\t<\/div>\n\t\t\t\t<\/div>\n\t\t\t\t\t<\/div>\n\t\t<\/div>\n\t\t\t\t<div class=\"elementor-column elementor-col-50 elementor-top-column elementor-element elementor-element-39545712\" data-id=\"39545712\" data-element_type=\"column\" data-e-type=\"column\">\n\t\t\t<div class=\"elementor-widget-wrap elementor-element-populated\">\n\t\t\t\t\t\t<div class=\"elementor-element elementor-element-7b7ce949 elementor-widget elementor-widget-heading\" data-id=\"7b7ce949\" data-element_type=\"widget\" data-e-type=\"widget\" data-widget_type=\"heading.default\">\n\t\t\t\t<div class=\"elementor-widget-container\">\n\t\t\t\t\t<h2 class=\"elementor-heading-title elementor-size-default\">Seurantak\u00e4ynti 1 h<\/h2>\t\t\t\t<\/div>\n\t\t\t\t<\/div>\n\t\t\t\t<div class=\"elementor-element elementor-element-11d192a6 elementor-widget elementor-widget-text-editor\" data-id=\"11d192a6\" data-element_type=\"widget\" data-e-type=\"widget\" data-widget_type=\"text-editor.default\">\n\t\t\t\t<div class=\"elementor-widget-container\">\n\t\t\t\t\t\t\t\t\t<p>Seurantak\u00e4ynnill\u00e4 kartoitetaan miten ruokavalio ja ohjeet ovat toimineet t\u00e4h\u00e4n menness\u00e4 ja tarkennetaan ohjeita edelleen.\u00a0 Seuranta-aika varataan yleens\u00e4 noin kuukauden p\u00e4\u00e4h\u00e4n ensimm\u00e4isest\u00e4 tapaamisesta. Etenkin, jos terveyshaasteita on ollut jo pidemm\u00e4n aikaa, voi olla tarpeen varata useampia seuranta-aikoja. K\u00e4ynnin j\u00e4lkeen saat kirjallliset ohjeet.<\/p>\t\t\t\t\t\t\t\t<\/div>\n\t\t\t\t<\/div>\n\t\t\t\t<div class=\"elementor-element elementor-element-72525bbd elementor-widget elementor-widget-heading\" data-id=\"72525bbd\" data-element_type=\"widget\" data-e-type=\"widget\" data-widget_type=\"heading.default\">\n\t\t\t\t<div class=\"elementor-widget-container\">\n\t\t\t\t\t<h3 class=\"elementor-heading-title elementor-size-default\">90 \u20ac<\/h3>\t\t\t\t<\/div>\n\t\t\t\t<\/div>\n\t\t\t\t\t<\/div>\n\t\t<\/div>\n\t\t\t\t\t<\/div>\n\t\t<\/section>\n\t\t\t\t<section class=\"elementor-section elementor-top-section elementor-element elementor-element-19c2138c elementor-section-boxed elementor-section-height-default elementor-section-height-default\" data-id=\"19c2138c\" data-element_type=\"section\" data-e-type=\"section\">\n\t\t\t\t\t\t<div class=\"elementor-container elementor-column-gap-no\">\n\t\t\t\t\t<div class=\"elementor-column elementor-col-50 elementor-top-column elementor-element elementor-element-3c1e9558\" data-id=\"3c1e9558\" data-element_type=\"column\" data-e-type=\"column\">\n\t\t\t<div class=\"elementor-widget-wrap elementor-element-populated\">\n\t\t\t\t\t\t<div class=\"elementor-element elementor-element-58cef8be elementor-widget elementor-widget-heading\" data-id=\"58cef8be\" data-element_type=\"widget\" data-e-type=\"widget\" data-widget_type=\"heading.default\">\n\t\t\t\t<div class=\"elementor-widget-container\">\n\t\t\t\t\t<h2 class=\"elementor-heading-title elementor-size-default\">Starttipaketti 2h + 1h<\/h2>\t\t\t\t<\/div>\n\t\t\t\t<\/div>\n\t\t\t\t<div class=\"elementor-element elementor-element-3030cda3 elementor-widget elementor-widget-text-editor\" data-id=\"3030cda3\" data-element_type=\"widget\" data-e-type=\"widget\" data-widget_type=\"text-editor.default\">\n\t\t\t\t<div class=\"elementor-widget-container\">\n\t\t\t\t\t\t\t\t\t<p>Starttipaketti sis\u00e4lt\u00e4\u00e4 alkukartoituksen ja 1 tunnin seuranta-ajan. Seuranta-aika olisi hyv\u00e4 varata noin kuukauden p\u00e4\u00e4h\u00e4n ensimm\u00e4isest\u00e4 tapaamisesta.<\/p>\t\t\t\t\t\t\t\t<\/div>\n\t\t\t\t<\/div>\n\t\t\t\t<div class=\"elementor-element elementor-element-161be9fd elementor-widget elementor-widget-heading\" data-id=\"161be9fd\" data-element_type=\"widget\" data-e-type=\"widget\" data-widget_type=\"heading.default\">\n\t\t\t\t<div class=\"elementor-widget-container\">\n\t\t\t\t\t<h3 class=\"elementor-heading-title elementor-size-default\">280 \u20ac<\/h3>\t\t\t\t<\/div>\n\t\t\t\t<\/div>\n\t\t\t\t\t<\/div>\n\t\t<\/div>\n\t\t\t\t<div class=\"elementor-column elementor-col-50 elementor-top-column elementor-element elementor-element-1418b494\" data-id=\"1418b494\" data-element_type=\"column\" data-e-type=\"column\">\n\t\t\t<div class=\"elementor-widget-wrap elementor-element-populated\">\n\t\t\t\t\t\t<div class=\"elementor-element elementor-element-41c049f6 elementor-widget elementor-widget-heading\" data-id=\"41c049f6\" data-element_type=\"widget\" data-e-type=\"widget\" data-widget_type=\"heading.default\">\n\t\t\t\t<div class=\"elementor-widget-container\">\n\t\t\t\t\t<h2 class=\"elementor-heading-title elementor-size-default\">Valmennuspaketti 2h + 3x 30min<\/h2>\t\t\t\t<\/div>\n\t\t\t\t<\/div>\n\t\t\t\t<div class=\"elementor-element elementor-element-2c72f850 elementor-widget elementor-widget-text-editor\" data-id=\"2c72f850\" data-element_type=\"widget\" data-e-type=\"widget\" data-widget_type=\"text-editor.default\">\n\t\t\t\t<div class=\"elementor-widget-container\">\n\t\t\t\t\t\t\t\t\t<p>Sis\u00e4lt\u00e4\u00e4 alkukartoituksen ja kolme 30 minuutin seuranta-aikaa. T\u00e4m\u00e4 paketti sopii sinulle, jos sinulla on ollut terveyshaasteita jo jonkin aikaa ja haluat pidempiaikaista valmennusta.<\/p>\t\t\t\t\t\t\t\t<\/div>\n\t\t\t\t<\/div>\n\t\t\t\t<div class=\"elementor-element elementor-element-2399ac46 elementor-widget elementor-widget-heading\" data-id=\"2399ac46\" data-element_type=\"widget\" data-e-type=\"widget\" data-widget_type=\"heading.default\">\n\t\t\t\t<div class=\"elementor-widget-container\">\n\t\t\t\t\t<h3 class=\"elementor-heading-title elementor-size-default\">380 \u20ac<\/h3>\t\t\t\t<\/div>\n\t\t\t\t<\/div>\n\t\t\t\t\t<\/div>\n\t\t<\/div>\n\t\t\t\t\t<\/div>\n\t\t<\/section>\n\t\t\t\t<section class=\"elementor-section elementor-top-section elementor-element elementor-element-82bcdfb elementor-section-height-min-height elementor-section-boxed elementor-section-height-default elementor-section-items-middle\" data-id=\"82bcdfb\" data-element_type=\"section\" data-e-type=\"section\">\n\t\t\t\t\t\t<div class=\"elementor-container elementor-column-gap-narrow\">\n\t\t\t\t\t<div class=\"elementor-column elementor-col-50 elementor-top-column elementor-element elementor-element-1af0683\" data-id=\"1af0683\" data-element_type=\"column\" data-e-type=\"column\">\n\t\t\t<div class=\"elementor-widget-wrap elementor-element-populated\">\n\t\t\t\t\t\t<div class=\"elementor-element elementor-element-252b1b7 elementor-widget elementor-widget-heading\" data-id=\"252b1b7\" data-element_type=\"widget\" data-e-type=\"widget\" data-widget_type=\"heading.default\">\n\t\t\t\t<div class=\"elementor-widget-container\">\n\t\t\t\t\t<h2 class=\"elementor-heading-title elementor-size-default\">Ruokavalion kartoitus ja ty\u00f6kalut 1h<\/h2>\t\t\t\t<\/div>\n\t\t\t\t<\/div>\n\t\t\t\t<div class=\"elementor-element elementor-element-99d4bd4 elementor-widget elementor-widget-text-editor\" data-id=\"99d4bd4\" data-element_type=\"widget\" data-e-type=\"widget\" data-widget_type=\"text-editor.default\">\n\t\t\t\t<div class=\"elementor-widget-container\">\n\t\t\t\t\t\t\t\t\t<p>Sis\u00e4lt\u00e4\u00e4 tunnin tapaamisen, jossa kartoitetaan ruokavalio ja voit esitt\u00e4\u00e4 kysymyksi\u00e4 ruokavalioon ja hyvinvointiin liittyen. Tapaamisen j\u00e4lkeen saat s\u00e4hk\u00f6postilla ohjeet, kuinka jatkaa t\u00e4st\u00e4 eteenp\u00e4in. T\u00e4m\u00e4 paketti sopii sinulle, jos haluat tarkastaa, onko ruokavaliosi kunnossa. Jos sinulle on suurempia haasteita terveydess\u00e4si, suosittelen pidempiaikaista valmennusta.<\/p>\t\t\t\t\t\t\t\t<\/div>\n\t\t\t\t<\/div>\n\t\t\t\t<div class=\"elementor-element elementor-element-2c30052 elementor-widget elementor-widget-heading\" data-id=\"2c30052\" data-element_type=\"widget\" data-e-type=\"widget\" data-widget_type=\"heading.default\">\n\t\t\t\t<div class=\"elementor-widget-container\">\n\t\t\t\t\t<h3 class=\"elementor-heading-title elementor-size-default\">85 \u20ac<\/h3>\t\t\t\t<\/div>\n\t\t\t\t<\/div>\n\t\t\t\t\t<\/div>\n\t\t<\/div>\n\t\t\t\t<div class=\"elementor-column elementor-col-50 elementor-top-column elementor-element elementor-element-65416ba\" data-id=\"65416ba\" data-element_type=\"column\" data-e-type=\"column\">\n\t\t\t<div class=\"elementor-widget-wrap\">\n\t\t\t\t\t\t\t<\/div>\n\t\t<\/div>\n\t\t\t\t\t<\/div>\n\t\t<\/section>\n\t\t\t\t<section class=\"elementor-section elementor-top-section elementor-element elementor-element-d5db4f1 elementor-section-boxed elementor-section-height-default elementor-section-height-default\" data-id=\"d5db4f1\" data-element_type=\"section\" data-e-type=\"section\">\n\t\t\t\t\t\t<div class=\"elementor-container elementor-column-gap-no\">\n\t\t\t\t\t<div class=\"elementor-column elementor-col-100 elementor-top-column elementor-element elementor-element-898162e\" data-id=\"898162e\" data-element_type=\"column\" data-e-type=\"column\">\n\t\t\t<div class=\"elementor-widget-wrap elementor-element-populated\">\n\t\t\t\t\t\t<div class=\"elementor-element elementor-element-0249d47 elementor-widget elementor-widget-heading\" data-id=\"0249d47\" data-element_type=\"widget\" data-e-type=\"widget\" data-widget_type=\"heading.default\">\n\t\t\t\t<div class=\"elementor-widget-container\">\n\t\t\t\t\t<h3 class=\"elementor-heading-title elementor-size-default\">Luennot, kysy tarjous!\n<br>\n<br>\nKaikki hinnat sis\u00e4lt\u00e4v\u00e4t alv:n 25,5%<\/h3>\t\t\t\t<\/div>\n\t\t\t\t<\/div>\n\t\t\t\t\t<\/div>\n\t\t<\/div>\n\t\t\t\t\t<\/div>\n\t\t<\/section>\n\t\t\t\t<\/div>\n\t\t","protected":false},"excerpt":{"rendered":"<p>Hinnasto Ennen ensik\u00e4ynti\u00e4 l\u00e4het\u00e4n sinulle esitietolomakkeet ja oirekyselyn s\u00e4hk\u00f6postilla, jotta voin tutustua sinuun jo etuk\u00e4teen. Jokaisen k\u00e4ynnin j\u00e4lkeen saat kirjalliset ohjeet seuraavia askeleita varten. Ensik\u00e4ynti\/alkukartoitus 2 h Ennen ensik\u00e4ynti\u00e4 l\u00e4het\u00e4n sinulle esitietolomakkeet ja oirekyselyn s\u00e4hk\u00f6postilla, jotta voin tutustua sinuun jo etuk\u00e4teen. Jokaisen k\u00e4ynnin j\u00e4lkeen saat kirjalliset ohjeet seuraavia askeleita varten. 210 \u20ac Seurantak\u00e4ynti 1 h [&hellip;]<\/p>\n","protected":false},"author":1,"featured_media":0,"parent":0,"menu_order":0,"comment_status":"closed","ping_status":"closed","template":"elementor_header_footer","meta":{"footnotes":""},"class_list":["post-129","page","type-page","status-publish","hentry"],"yoast_head":"<!-- This site is optimized with the Yoast SEO plugin v27.1.1 - https:\/\/yoast.com\/product\/yoast-seo-wordpress\/ -->\n<title>Hinnasto - Oloisa Health<\/title>\n<meta name=\"robots\" content=\"index, follow, max-snippet:-1, max-image-preview:large, max-video-preview:-1\" \/>\n<link rel=\"canonical\" href=\"https:\/\/oloisahealth.fi\/en\/palvelut\/\" \/>\n<meta property=\"og:locale\" content=\"en_GB\" \/>\n<meta property=\"og:type\" content=\"article\" \/>\n<meta property=\"og:title\" content=\"Hinnasto - Oloisa Health\" \/>\n<meta property=\"og:description\" content=\"Hinnasto Ennen ensik\u00e4ynti\u00e4 l\u00e4het\u00e4n sinulle esitietolomakkeet ja oirekyselyn s\u00e4hk\u00f6postilla, jotta voin tutustua sinuun jo etuk\u00e4teen. Jokaisen k\u00e4ynnin j\u00e4lkeen saat kirjalliset ohjeet seuraavia askeleita varten. Ensik\u00e4ynti\/alkukartoitus 2 h Ennen ensik\u00e4ynti\u00e4 l\u00e4het\u00e4n sinulle esitietolomakkeet ja oirekyselyn s\u00e4hk\u00f6postilla, jotta voin tutustua sinuun jo etuk\u00e4teen. Jokaisen k\u00e4ynnin j\u00e4lkeen saat kirjalliset ohjeet seuraavia askeleita varten. 210 \u20ac Seurantak\u00e4ynti 1 h [&hellip;]\" \/>\n<meta property=\"og:url\" content=\"https:\/\/oloisahealth.fi\/en\/palvelut\/\" \/>\n<meta property=\"og:site_name\" content=\"Oloisa Health\" \/>\n<meta property=\"article:modified_time\" content=\"2026-03-03T13:48:05+00:00\" \/>\n<meta name=\"twitter:card\" content=\"summary_large_image\" \/>\n<meta name=\"twitter:label1\" content=\"Estimated reading time\" \/>\n\t<meta name=\"twitter:data1\" content=\"2 minutes\" \/>\n<script type=\"application\/ld+json\" class=\"yoast-schema-graph\">{\"@context\":\"https:\/\/schema.org\",\"@graph\":[{\"@type\":\"WebPage\",\"@id\":\"https:\/\/oloisahealth.fi\/palvelut\/\",\"url\":\"https:\/\/oloisahealth.fi\/palvelut\/\",\"name\":\"Hinnasto - Oloisa Health\",\"isPartOf\":{\"@id\":\"https:\/\/oloisahealth.fi\/#website\"},\"datePublished\":\"2022-08-20T09:02:09+00:00\",\"dateModified\":\"2026-03-03T13:48:05+00:00\",\"breadcrumb\":{\"@id\":\"https:\/\/oloisahealth.fi\/palvelut\/#breadcrumb\"},\"inLanguage\":\"en-GB\",\"potentialAction\":[{\"@type\":\"ReadAction\",\"target\":[\"https:\/\/oloisahealth.fi\/palvelut\/\"]}]},{\"@type\":\"BreadcrumbList\",\"@id\":\"https:\/\/oloisahealth.fi\/palvelut\/#breadcrumb\",\"itemListElement\":[{\"@type\":\"ListItem\",\"position\":1,\"name\":\"Etusivu\",\"item\":\"https:\/\/oloisahealth.fi\/\"},{\"@type\":\"ListItem\",\"position\":2,\"name\":\"Hinnasto\"}]},{\"@type\":\"WebSite\",\"@id\":\"https:\/\/oloisahealth.fi\/#website\",\"url\":\"https:\/\/oloisahealth.fi\/\",\"name\":\"Oloisa Health\",\"description\":\"Ravintovalmennusta\",\"publisher\":{\"@id\":\"https:\/\/oloisahealth.fi\/#organization\"},\"potentialAction\":[{\"@type\":\"SearchAction\",\"target\":{\"@type\":\"EntryPoint\",\"urlTemplate\":\"https:\/\/oloisahealth.fi\/?s={search_term_string}\"},\"query-input\":{\"@type\":\"PropertyValueSpecification\",\"valueRequired\":true,\"valueName\":\"search_term_string\"}}],\"inLanguage\":\"en-GB\"},{\"@type\":\"Organization\",\"@id\":\"https:\/\/oloisahealth.fi\/#organization\",\"name\":\"Oloisa Health\",\"url\":\"https:\/\/oloisahealth.fi\/\",\"logo\":{\"@type\":\"ImageObject\",\"inLanguage\":\"en-GB\",\"@id\":\"https:\/\/oloisahealth.fi\/#\/schema\/logo\/image\/\",\"url\":\"https:\/\/oloisahealth.fi\/wp-content\/uploads\/2022\/08\/oloisa-logo-1.png\",\"contentUrl\":\"https:\/\/oloisahealth.fi\/wp-content\/uploads\/2022\/08\/oloisa-logo-1.png\",\"width\":320,\"height\":75,\"caption\":\"Oloisa Health\"},\"image\":{\"@id\":\"https:\/\/oloisahealth.fi\/#\/schema\/logo\/image\/\"}}]}<\/script>\n<!-- \/ Yoast SEO plugin. -->","yoast_head_json":{"title":"Hinnasto - Oloisa Health","robots":{"index":"index","follow":"follow","max-snippet":"max-snippet:-1","max-image-preview":"max-image-preview:large","max-video-preview":"max-video-preview:-1"},"canonical":"https:\/\/oloisahealth.fi\/en\/palvelut\/","og_locale":"en_GB","og_type":"article","og_title":"Hinnasto - Oloisa Health","og_description":"Hinnasto Ennen ensik\u00e4ynti\u00e4 l\u00e4het\u00e4n sinulle esitietolomakkeet ja oirekyselyn s\u00e4hk\u00f6postilla, jotta voin tutustua sinuun jo etuk\u00e4teen. Jokaisen k\u00e4ynnin j\u00e4lkeen saat kirjalliset ohjeet seuraavia askeleita varten. Ensik\u00e4ynti\/alkukartoitus 2 h Ennen ensik\u00e4ynti\u00e4 l\u00e4het\u00e4n sinulle esitietolomakkeet ja oirekyselyn s\u00e4hk\u00f6postilla, jotta voin tutustua sinuun jo etuk\u00e4teen. Jokaisen k\u00e4ynnin j\u00e4lkeen saat kirjalliset ohjeet seuraavia askeleita varten. 210 \u20ac Seurantak\u00e4ynti 1 h [&hellip;]","og_url":"https:\/\/oloisahealth.fi\/en\/palvelut\/","og_site_name":"Oloisa Health","article_modified_time":"2026-03-03T13:48:05+00:00","twitter_card":"summary_large_image","twitter_misc":{"Estimated reading time":"2 minutes"},"schema":{"@context":"https:\/\/schema.org","@graph":[{"@type":"WebPage","@id":"https:\/\/oloisahealth.fi\/palvelut\/","url":"https:\/\/oloisahealth.fi\/palvelut\/","name":"Hinnasto - Oloisa Health","isPartOf":{"@id":"https:\/\/oloisahealth.fi\/#website"},"datePublished":"2022-08-20T09:02:09+00:00","dateModified":"2026-03-03T13:48:05+00:00","breadcrumb":{"@id":"https:\/\/oloisahealth.fi\/palvelut\/#breadcrumb"},"inLanguage":"en-GB","potentialAction":[{"@type":"ReadAction","target":["https:\/\/oloisahealth.fi\/palvelut\/"]}]},{"@type":"BreadcrumbList","@id":"https:\/\/oloisahealth.fi\/palvelut\/#breadcrumb","itemListElement":[{"@type":"ListItem","position":1,"name":"Etusivu","item":"https:\/\/oloisahealth.fi\/"},{"@type":"ListItem","position":2,"name":"Hinnasto"}]},{"@type":"WebSite","@id":"https:\/\/oloisahealth.fi\/#website","url":"https:\/\/oloisahealth.fi\/","name":"Oloisa Health","description":"Ravintovalmennusta","publisher":{"@id":"https:\/\/oloisahealth.fi\/#organization"},"potentialAction":[{"@type":"SearchAction","target":{"@type":"EntryPoint","urlTemplate":"https:\/\/oloisahealth.fi\/?s={search_term_string}"},"query-input":{"@type":"PropertyValueSpecification","valueRequired":true,"valueName":"search_term_string"}}],"inLanguage":"en-GB"},{"@type":"Organization","@id":"https:\/\/oloisahealth.fi\/#organization","name":"Oloisa Health","url":"https:\/\/oloisahealth.fi\/","logo":{"@type":"ImageObject","inLanguage":"en-GB","@id":"https:\/\/oloisahealth.fi\/#\/schema\/logo\/image\/","url":"https:\/\/oloisahealth.fi\/wp-content\/uploads\/2022\/08\/oloisa-logo-1.png","contentUrl":"https:\/\/oloisahealth.fi\/wp-content\/uploads\/2022\/08\/oloisa-logo-1.png","width":320,"height":75,"caption":"Oloisa Health"},"image":{"@id":"https:\/\/oloisahealth.fi\/#\/schema\/logo\/image\/"}}]}},"_links":{"self":[{"href":"https:\/\/oloisahealth.fi\/en\/wp-json\/wp\/v2\/pages\/129","targetHints":{"allow":["GET"]}}],"collection":[{"href":"https:\/\/oloisahealth.fi\/en\/wp-json\/wp\/v2\/pages"}],"about":[{"href":"https:\/\/oloisahealth.fi\/en\/wp-json\/wp\/v2\/types\/page"}],"author":[{"embeddable":true,"href":"https:\/\/oloisahealth.fi\/en\/wp-json\/wp\/v2\/users\/1"}],"replies":[{"embeddable":true,"href":"https:\/\/oloisahealth.fi\/en\/wp-json\/wp\/v2\/comments?post=129"}],"version-history":[{"count":95,"href":"https:\/\/oloisahealth.fi\/en\/wp-json\/wp\/v2\/pages\/129\/revisions"}],"predecessor-version":[{"id":915,"href":"https:\/\/oloisahealth.fi\/en\/wp-json\/wp\/v2\/pages\/129\/revisions\/915"}],"wp:attachment":[{"href":"https:\/\/oloisahealth.fi\/en\/wp-json\/wp\/v2\/media?parent=129"}],"curies":[{"name":"wp","href":"https:\/\/api.w.org\/{rel}","templated":true}]}}